{"id":1790,"date":"2024-09-05T13:47:47","date_gmt":"2024-09-05T13:47:47","guid":{"rendered":"https:\/\/bonappetita.com\/co\/?page_id=1790"},"modified":"2026-02-19T20:51:52","modified_gmt":"2026-02-19T20:51:52","slug":"por-que-bon-appetita","status":"publish","type":"page","link":"https:\/\/bonappetita.com\/co\/por-que-bon-appetita\/","title":{"rendered":"\u00bfPor qu\u00e9 Bon Appetita?"},"content":{"rendered":"\t\t<div data-elementor-type=\"wp-page\" data-elementor-id=\"1790\" class=\"elementor elementor-1790\" data-elementor-post-type=\"page\">\n\t\t\t\t<div class=\"elementor-element elementor-element-06956f6 e-con-full e-flex e-con e-parent\" data-id=\"06956f6\" data-element_type=\"container\" data-e-type=\"container\" data-settings=\"{&quot;background_background&quot;:&quot;classic&quot;}\">\n\t\t<div class=\"elementor-element elementor-element-c92b89d e-con-full e-flex e-con e-child\" data-id=\"c92b89d\" data-element_type=\"container\" data-e-type=\"container\">\n\t\t\t\t<div class=\"elementor-element elementor-element-2f2d37d elementor-widget elementor-widget-heading\" data-id=\"2f2d37d\" data-element_type=\"widget\" data-e-type=\"widget\" data-widget_type=\"heading.default\">\n\t\t\t\t<div class=\"elementor-widget-container\">\n\t\t\t\t\t<h2 class=\"elementor-heading-title elementor-size-default\">\u00bfPor qu\u00e9 Bon Appetita?<\/h2>\t\t\t\t<\/div>\n\t\t\t\t<\/div>\n\t\t\t\t<div class=\"elementor-element elementor-element-f98a6ad elementor-widget elementor-widget-image\" data-id=\"f98a6ad\" data-element_type=\"widget\" data-e-type=\"widget\" data-widget_type=\"image.default\">\n\t\t\t\t<div class=\"elementor-widget-container\">\n\t\t\t\t\t\t\t\t\t\t\t\t\t\t\t<img fetchpriority=\"high\" decoding=\"async\" width=\"1024\" height=\"146\" src=\"https:\/\/bonappetita.com\/co\/wp-content\/uploads\/sites\/5\/2024\/09\/FRANJA-ROJA-06-1024x146.png\" class=\"attachment-large size-large wp-image-2485\" alt=\"\" srcset=\"https:\/\/bonappetita.com\/co\/wp-content\/uploads\/sites\/5\/2024\/09\/FRANJA-ROJA-06-1024x146.png 1024w, https:\/\/bonappetita.com\/co\/wp-content\/uploads\/sites\/5\/2024\/09\/FRANJA-ROJA-06-300x43.png 300w, https:\/\/bonappetita.com\/co\/wp-content\/uploads\/sites\/5\/2024\/09\/FRANJA-ROJA-06-768x109.png 768w, https:\/\/bonappetita.com\/co\/wp-content\/uploads\/sites\/5\/2024\/09\/FRANJA-ROJA-06-1536x218.png 1536w, https:\/\/bonappetita.com\/co\/wp-content\/uploads\/sites\/5\/2024\/09\/FRANJA-ROJA-06-2048x291.png 2048w, https:\/\/bonappetita.com\/co\/wp-content\/uploads\/sites\/5\/2024\/09\/FRANJA-ROJA-06-600x85.png 600w\" sizes=\"(max-width: 1024px) 100vw, 1024px\" \/>\t\t\t\t\t\t\t\t\t\t\t\t\t\t\t<\/div>\n\t\t\t\t<\/div>\n\t\t\t\t<\/div>\n\t\t<div class=\"elementor-element elementor-element-5250072 e-con-full e-flex e-con e-child\" data-id=\"5250072\" data-element_type=\"container\" data-e-type=\"container\">\n\t\t<div class=\"elementor-element elementor-element-58d2bf5 e-con-full e-flex e-con e-child\" data-id=\"58d2bf5\" data-element_type=\"container\" data-e-type=\"container\">\n\t\t\t\t<div class=\"elementor-element elementor-element-5056430 elementor-widget elementor-widget-image\" data-id=\"5056430\" data-element_type=\"widget\" data-e-type=\"widget\" data-widget_type=\"image.default\">\n\t\t\t\t<div class=\"elementor-widget-container\">\n\t\t\t\t\t\t\t\t\t\t\t\t\t\t\t\t<a href=\"https:\/\/bonappetita.com\/co\/\">\n\t\t\t\t\t\t\t<img decoding=\"async\" width=\"2251\" height=\"2251\" src=\"https:\/\/bonappetita.com\/co\/wp-content\/uploads\/sites\/5\/2024\/09\/HOME-03.webp\" class=\"attachment-full size-full wp-image-3255\" alt=\"\" srcset=\"https:\/\/bonappetita.com\/co\/wp-content\/uploads\/sites\/5\/2024\/09\/HOME-03.webp 2251w, https:\/\/bonappetita.com\/co\/wp-content\/uploads\/sites\/5\/2024\/09\/HOME-03-300x300.webp 300w, https:\/\/bonappetita.com\/co\/wp-content\/uploads\/sites\/5\/2024\/09\/HOME-03-1024x1024.webp 1024w, https:\/\/bonappetita.com\/co\/wp-content\/uploads\/sites\/5\/2024\/09\/HOME-03-150x150.webp 150w, https:\/\/bonappetita.com\/co\/wp-content\/uploads\/sites\/5\/2024\/09\/HOME-03-768x768.webp 768w, https:\/\/bonappetita.com\/co\/wp-content\/uploads\/sites\/5\/2024\/09\/HOME-03-1536x1536.webp 1536w, https:\/\/bonappetita.com\/co\/wp-content\/uploads\/sites\/5\/2024\/09\/HOME-03-2048x2048.webp 2048w, https:\/\/bonappetita.com\/co\/wp-content\/uploads\/sites\/5\/2024\/09\/HOME-03-600x600.webp 600w, https:\/\/bonappetita.com\/co\/wp-content\/uploads\/sites\/5\/2024\/09\/HOME-03-100x100.webp 100w\" sizes=\"(max-width: 2251px) 100vw, 2251px\" \/>\t\t\t\t\t\t\t\t<\/a>\n\t\t\t\t\t\t\t\t\t\t\t\t\t\t\t<\/div>\n\t\t\t\t<\/div>\n\t\t\t\t<\/div>\n\t\t<div class=\"elementor-element elementor-element-895e08e e-con-full e-flex e-con e-child\" data-id=\"895e08e\" data-element_type=\"container\" data-e-type=\"container\">\n\t\t\t\t<div class=\"elementor-element elementor-element-0db730f elementor-widget elementor-widget-heading\" data-id=\"0db730f\" data-element_type=\"widget\" data-e-type=\"widget\" data-widget_type=\"heading.default\">\n\t\t\t\t<div class=\"elementor-widget-container\">\n\t\t\t\t\t<h2 class=\"elementor-heading-title elementor-size-default\">Eres lo que comes\n<\/h2>\t\t\t\t<\/div>\n\t\t\t\t<\/div>\n\t\t\t\t<div class=\"elementor-element elementor-element-a365fe5 elementor-widget elementor-widget-text-editor\" data-id=\"a365fe5\" data-element_type=\"widget\" data-e-type=\"widget\" data-widget_type=\"text-editor.default\">\n\t\t\t\t<div class=\"elementor-widget-container\">\n\t\t\t\t\t\t\t\t\t<p>Detr\u00e1s de nuestra magia, no hay mayor secreto. Tu consentido descubrir\u00e1 una nueva manera de alimentaci\u00f3n que adem\u00e1s de hacerlo feliz, le brindar\u00e1 nutrientes de alta calidad en una presentaci\u00f3n que har\u00e1 lamer sus bigotes.<\/p><p><b>Cuando dise\u00f1amos nuestra receta viajamos en el tiempo para recordar el instinto natural de los perros y gatos. De aquella traves\u00eda conclu\u00edmos que debemos respetar los or\u00edgenes carn\u00edvoros de las mascotas. Por eso nuestros ingredientes contienen un gran contenido de prote\u00edna animal seleccionada con nutrientes que\u00a0 desembocan en una dieta h\u00fameda con todo lo que tu mejor amigo necesita.<\/b><\/p><p>En pocas palabras, es como si t\u00fa le cocinaras a tu consentido; solo que nosotros nos encargamos de elegir lo mejor de lo mejor.<\/p>\t\t\t\t\t\t\t\t<\/div>\n\t\t\t\t<\/div>\n\t\t\t\t<\/div>\n\t\t<div class=\"elementor-element elementor-element-f74505d e-con-full e-flex e-con e-child\" data-id=\"f74505d\" data-element_type=\"container\" data-e-type=\"container\">\n\t\t\t\t<div class=\"elementor-element elementor-element-ed461a4 elementor-widget elementor-widget-image\" data-id=\"ed461a4\" data-element_type=\"widget\" data-e-type=\"widget\" data-widget_type=\"image.default\">\n\t\t\t\t<div class=\"elementor-widget-container\">\n\t\t\t\t\t\t\t\t\t\t\t\t\t\t\t\t<a href=\"https:\/\/bonappetita.com\/co\/gato\">\n\t\t\t\t\t\t\t<img decoding=\"async\" width=\"2251\" height=\"2251\" src=\"https:\/\/bonappetita.com\/co\/wp-content\/uploads\/sites\/5\/2024\/09\/HOME-04.webp\" class=\"attachment-full size-full wp-image-3256\" alt=\"\" srcset=\"https:\/\/bonappetita.com\/co\/wp-content\/uploads\/sites\/5\/2024\/09\/HOME-04.webp 2251w, https:\/\/bonappetita.com\/co\/wp-content\/uploads\/sites\/5\/2024\/09\/HOME-04-300x300.webp 300w, https:\/\/bonappetita.com\/co\/wp-content\/uploads\/sites\/5\/2024\/09\/HOME-04-1024x1024.webp 1024w, https:\/\/bonappetita.com\/co\/wp-content\/uploads\/sites\/5\/2024\/09\/HOME-04-150x150.webp 150w, https:\/\/bonappetita.com\/co\/wp-content\/uploads\/sites\/5\/2024\/09\/HOME-04-768x768.webp 768w, https:\/\/bonappetita.com\/co\/wp-content\/uploads\/sites\/5\/2024\/09\/HOME-04-1536x1536.webp 1536w, https:\/\/bonappetita.com\/co\/wp-content\/uploads\/sites\/5\/2024\/09\/HOME-04-2048x2048.webp 2048w, https:\/\/bonappetita.com\/co\/wp-content\/uploads\/sites\/5\/2024\/09\/HOME-04-600x600.webp 600w, https:\/\/bonappetita.com\/co\/wp-content\/uploads\/sites\/5\/2024\/09\/HOME-04-100x100.webp 100w\" sizes=\"(max-width: 2251px) 100vw, 2251px\" \/>\t\t\t\t\t\t\t\t<\/a>\n\t\t\t\t\t\t\t\t\t\t\t\t\t\t\t<\/div>\n\t\t\t\t<\/div>\n\t\t\t\t<\/div>\n\t\t\t\t<\/div>\n\t\t\t\t<\/div>\n\t\t<div class=\"elementor-element elementor-element-3ca22e8 e-flex e-con-boxed e-con e-parent\" data-id=\"3ca22e8\" data-element_type=\"container\" data-e-type=\"container\" data-settings=\"{&quot;background_background&quot;:&quot;classic&quot;}\">\n\t\t\t\t\t<div class=\"e-con-inner\">\n\t\t<div class=\"elementor-element elementor-element-dd69eba e-con-full e-flex e-con e-child\" data-id=\"dd69eba\" data-element_type=\"container\" data-e-type=\"container\">\n\t\t<div class=\"elementor-element elementor-element-87ada33 e-con-full e-transform e-flex e-con e-child\" data-id=\"87ada33\" data-element_type=\"container\" data-e-type=\"container\" data-settings=\"{&quot;background_background&quot;:&quot;classic&quot;,&quot;_transform_translateY_effect_hover&quot;:{&quot;unit&quot;:&quot;px&quot;,&quot;size&quot;:-20,&quot;sizes&quot;:[]},&quot;_transform_translateX_effect_hover&quot;:{&quot;unit&quot;:&quot;px&quot;,&quot;size&quot;:&quot;&quot;,&quot;sizes&quot;:[]},&quot;_transform_translateX_effect_hover_tablet&quot;:{&quot;unit&quot;:&quot;px&quot;,&quot;size&quot;:&quot;&quot;,&quot;sizes&quot;:[]},&quot;_transform_translateX_effect_hover_mobile&quot;:{&quot;unit&quot;:&quot;px&quot;,&quot;size&quot;:&quot;&quot;,&quot;sizes&quot;:[]},&quot;_transform_translateY_effect_hover_tablet&quot;:{&quot;unit&quot;:&quot;px&quot;,&quot;size&quot;:&quot;&quot;,&quot;sizes&quot;:[]},&quot;_transform_translateY_effect_hover_mobile&quot;:{&quot;unit&quot;:&quot;px&quot;,&quot;size&quot;:&quot;&quot;,&quot;sizes&quot;:[]}}\">\n\t\t\t\t<div class=\"elementor-element elementor-element-4ab4087 elementor-widget elementor-widget-image\" data-id=\"4ab4087\" data-element_type=\"widget\" data-e-type=\"widget\" data-widget_type=\"image.default\">\n\t\t\t\t<div class=\"elementor-widget-container\">\n\t\t\t\t\t\t\t\t\t\t\t\t\t\t\t<img loading=\"lazy\" decoding=\"async\" width=\"2251\" height=\"1658\" src=\"https:\/\/bonappetita.com\/co\/wp-content\/uploads\/sites\/5\/2024\/10\/COMIDA-NATURAL-BON-APPETITA-03.png\" class=\"attachment-full size-full wp-image-4397\" alt=\"\" srcset=\"https:\/\/bonappetita.com\/co\/wp-content\/uploads\/sites\/5\/2024\/10\/COMIDA-NATURAL-BON-APPETITA-03.png 2251w, https:\/\/bonappetita.com\/co\/wp-content\/uploads\/sites\/5\/2024\/10\/COMIDA-NATURAL-BON-APPETITA-03-300x221.png 300w, https:\/\/bonappetita.com\/co\/wp-content\/uploads\/sites\/5\/2024\/10\/COMIDA-NATURAL-BON-APPETITA-03-1024x754.png 1024w, https:\/\/bonappetita.com\/co\/wp-content\/uploads\/sites\/5\/2024\/10\/COMIDA-NATURAL-BON-APPETITA-03-768x566.png 768w, https:\/\/bonappetita.com\/co\/wp-content\/uploads\/sites\/5\/2024\/10\/COMIDA-NATURAL-BON-APPETITA-03-1536x1131.png 1536w, https:\/\/bonappetita.com\/co\/wp-content\/uploads\/sites\/5\/2024\/10\/COMIDA-NATURAL-BON-APPETITA-03-2048x1508.png 2048w, https:\/\/bonappetita.com\/co\/wp-content\/uploads\/sites\/5\/2024\/10\/COMIDA-NATURAL-BON-APPETITA-03-600x442.png 600w\" sizes=\"(max-width: 2251px) 100vw, 2251px\" \/>\t\t\t\t\t\t\t\t\t\t\t\t\t\t\t<\/div>\n\t\t\t\t<\/div>\n\t\t\t\t<div class=\"elementor-element elementor-element-9fe0141 elementor-widget elementor-widget-heading\" data-id=\"9fe0141\" data-element_type=\"widget\" data-e-type=\"widget\" data-widget_type=\"heading.default\">\n\t\t\t\t<div class=\"elementor-widget-container\">\n\t\t\t\t\t<h2 class=\"elementor-heading-title elementor-size-default\">Naturalmente saludable y fresco. <\/h2>\t\t\t\t<\/div>\n\t\t\t\t<\/div>\n\t\t\t\t<div class=\"elementor-element elementor-element-567c2d6 elementor-widget elementor-widget-text-editor\" data-id=\"567c2d6\" data-element_type=\"widget\" data-e-type=\"widget\" data-widget_type=\"text-editor.default\">\n\t\t\t\t<div class=\"elementor-widget-container\">\n\t\t\t\t\t\t\t\t\tEntre m\u00e1s natural, mucho mejor. Dentro de nuestra receta no utilizamos colorantes ni conservantes artificiales, lo que hace que el alimento llegue fresco al exigente paladar de tu consentido.\t\t\t\t\t\t\t\t<\/div>\n\t\t\t\t<\/div>\n\t\t\t\t<\/div>\n\t\t<div class=\"elementor-element elementor-element-d25a83f e-con-full e-transform e-flex e-con e-child\" data-id=\"d25a83f\" data-element_type=\"container\" data-e-type=\"container\" data-settings=\"{&quot;background_background&quot;:&quot;classic&quot;,&quot;_transform_translateY_effect_hover&quot;:{&quot;unit&quot;:&quot;px&quot;,&quot;size&quot;:-20,&quot;sizes&quot;:[]},&quot;_transform_translateX_effect_hover&quot;:{&quot;unit&quot;:&quot;px&quot;,&quot;size&quot;:&quot;&quot;,&quot;sizes&quot;:[]},&quot;_transform_translateX_effect_hover_tablet&quot;:{&quot;unit&quot;:&quot;px&quot;,&quot;size&quot;:&quot;&quot;,&quot;sizes&quot;:[]},&quot;_transform_translateX_effect_hover_mobile&quot;:{&quot;unit&quot;:&quot;px&quot;,&quot;size&quot;:&quot;&quot;,&quot;sizes&quot;:[]},&quot;_transform_translateY_effect_hover_tablet&quot;:{&quot;unit&quot;:&quot;px&quot;,&quot;size&quot;:&quot;&quot;,&quot;sizes&quot;:[]},&quot;_transform_translateY_effect_hover_mobile&quot;:{&quot;unit&quot;:&quot;px&quot;,&quot;size&quot;:&quot;&quot;,&quot;sizes&quot;:[]}}\">\n\t\t\t\t<div class=\"elementor-element elementor-element-0fe67ff elementor-widget elementor-widget-image\" data-id=\"0fe67ff\" data-element_type=\"widget\" data-e-type=\"widget\" data-widget_type=\"image.default\">\n\t\t\t\t<div class=\"elementor-widget-container\">\n\t\t\t\t\t\t\t\t\t\t\t\t\t\t\t<img loading=\"lazy\" decoding=\"async\" width=\"1531\" height=\"605\" src=\"https:\/\/bonappetita.com\/co\/wp-content\/uploads\/sites\/5\/2026\/02\/Empaques.png\" class=\"attachment-full size-full wp-image-5268\" alt=\"\" srcset=\"https:\/\/bonappetita.com\/co\/wp-content\/uploads\/sites\/5\/2026\/02\/Empaques.png 1531w, https:\/\/bonappetita.com\/co\/wp-content\/uploads\/sites\/5\/2026\/02\/Empaques-300x119.png 300w, https:\/\/bonappetita.com\/co\/wp-content\/uploads\/sites\/5\/2026\/02\/Empaques-1024x405.png 1024w, https:\/\/bonappetita.com\/co\/wp-content\/uploads\/sites\/5\/2026\/02\/Empaques-768x303.png 768w, https:\/\/bonappetita.com\/co\/wp-content\/uploads\/sites\/5\/2026\/02\/Empaques-600x237.png 600w\" sizes=\"(max-width: 1531px) 100vw, 1531px\" \/>\t\t\t\t\t\t\t\t\t\t\t\t\t\t\t<\/div>\n\t\t\t\t<\/div>\n\t\t\t\t<div class=\"elementor-element elementor-element-bc7ffec elementor-widget elementor-widget-heading\" data-id=\"bc7ffec\" data-element_type=\"widget\" data-e-type=\"widget\" data-widget_type=\"heading.default\">\n\t\t\t\t<div class=\"elementor-widget-container\">\n\t\t\t\t\t<h2 class=\"elementor-heading-title elementor-size-default\">Para todas las etapas con m\u00faltiples sabores<\/h2>\t\t\t\t<\/div>\n\t\t\t\t<\/div>\n\t\t\t\t<div class=\"elementor-element elementor-element-49ce1ff elementor-widget elementor-widget-text-editor\" data-id=\"49ce1ff\" data-element_type=\"widget\" data-e-type=\"widget\" data-widget_type=\"text-editor.default\">\n\t\t\t\t<div class=\"elementor-widget-container\">\n\t\t\t\t\t\t\t\t\t<p>Encontrar\u00e1s una amplia variedad de presentaciones que se adec\u00faan a las necesidades espec\u00edficas de cada etapa de la vida de tu consentido. Para que en su crecimiento, desarrollo y adultez, le brindes la mejor nutrici\u00f3n saludable y fresca.<\/p>\t\t\t\t\t\t\t\t<\/div>\n\t\t\t\t<\/div>\n\t\t\t\t<\/div>\n\t\t<div class=\"elementor-element elementor-element-a40cd46 e-con-full e-transform e-flex e-con e-child\" data-id=\"a40cd46\" data-element_type=\"container\" data-e-type=\"container\" data-settings=\"{&quot;background_background&quot;:&quot;classic&quot;,&quot;_transform_translateY_effect_hover&quot;:{&quot;unit&quot;:&quot;px&quot;,&quot;size&quot;:-20,&quot;sizes&quot;:[]},&quot;_transform_translateX_effect_hover&quot;:{&quot;unit&quot;:&quot;px&quot;,&quot;size&quot;:&quot;&quot;,&quot;sizes&quot;:[]},&quot;_transform_translateX_effect_hover_tablet&quot;:{&quot;unit&quot;:&quot;px&quot;,&quot;size&quot;:&quot;&quot;,&quot;sizes&quot;:[]},&quot;_transform_translateX_effect_hover_mobile&quot;:{&quot;unit&quot;:&quot;px&quot;,&quot;size&quot;:&quot;&quot;,&quot;sizes&quot;:[]},&quot;_transform_translateY_effect_hover_tablet&quot;:{&quot;unit&quot;:&quot;px&quot;,&quot;size&quot;:&quot;&quot;,&quot;sizes&quot;:[]},&quot;_transform_translateY_effect_hover_mobile&quot;:{&quot;unit&quot;:&quot;px&quot;,&quot;size&quot;:&quot;&quot;,&quot;sizes&quot;:[]}}\">\n\t\t\t\t<div class=\"elementor-element elementor-element-42789a7 elementor-widget elementor-widget-image\" data-id=\"42789a7\" data-element_type=\"widget\" data-e-type=\"widget\" data-widget_type=\"image.default\">\n\t\t\t\t<div class=\"elementor-widget-container\">\n\t\t\t\t\t\t\t\t\t\t\t\t\t\t\t<img decoding=\"async\" src=\"https:\/\/www.ica.gov.co\/CMSPages\/GetFile.aspx?guid=f708f659-52db-4f61-9005-7454d24939db\" title=\"\" alt=\"\" loading=\"lazy\" \/>\t\t\t\t\t\t\t\t\t\t\t\t\t\t\t<\/div>\n\t\t\t\t<\/div>\n\t\t\t\t<div class=\"elementor-element elementor-element-d827527 elementor-widget elementor-widget-heading\" data-id=\"d827527\" data-element_type=\"widget\" data-e-type=\"widget\" data-widget_type=\"heading.default\">\n\t\t\t\t<div class=\"elementor-widget-container\">\n\t\t\t\t\t<h2 class=\"elementor-heading-title elementor-size-default\">\u00a1Tu consentido puede comer confiado!\n<\/h2>\t\t\t\t<\/div>\n\t\t\t\t<\/div>\n\t\t\t\t<div class=\"elementor-element elementor-element-90e23a1 elementor-widget elementor-widget-text-editor\" data-id=\"90e23a1\" data-element_type=\"widget\" data-e-type=\"widget\" data-widget_type=\"text-editor.default\">\n\t\t\t\t<div class=\"elementor-widget-container\">\n\t\t\t\t\t\t\t\t\t<p>Bon Appetita cuenta con el aval ICA que certifica que nuestro alimento cumple con los m\u00e1s altos est\u00e1ndares de calidad, seguridad e inocuidad alimentaria.<\/p>\t\t\t\t\t\t\t\t<\/div>\n\t\t\t\t<\/div>\n\t\t\t\t<\/div>\n\t\t\t\t<\/div>\n\t\t\t\t\t<\/div>\n\t\t\t\t<\/div>\n\t\t\t\t<\/div>\n\t\t","protected":false},"excerpt":{"rendered":"<p>\u00bfPor qu\u00e9 Bon Appetita? Eres lo que comes Detr\u00e1s de nuestra magia, no hay mayor secreto. Tu consentido descubrir\u00e1 una [&hellip;]<\/p>\n","protected":false},"author":1,"featured_media":0,"parent":0,"menu_order":0,"comment_status":"closed","ping_status":"closed","template":"","meta":{"inline_featured_image":false,"site-sidebar-layout":"no-sidebar","site-content-layout":"","ast-site-content-layout":"full-width-container","site-content-style":"default","site-sidebar-style":"default","ast-global-header-display":"","ast-banner-title-visibility":"","ast-main-header-display":"","ast-hfb-above-header-display":"","ast-hfb-below-header-display":"","ast-hfb-mobile-header-display":"","site-post-title":"disabled","ast-breadcrumbs-content":"","ast-featured-img":"disabled","footer-sml-layout":"","theme-transparent-header-meta":"","adv-header-id-meta":"","stick-header-meta":"","header-above-stick-meta":"","header-main-stick-meta":"","header-below-stick-meta":"","astra-migrate-meta-layouts":"default","ast-page-background-enabled":"default","ast-page-background-meta":{"desktop":{"background-color":"var(--ast-global-color-4)","background-image":"","background-repeat":"repeat","background-position":"center center","background-size":"auto","background-attachment":"scroll","background-type":"","background-media":"","overlay-type":"","overlay-color":"","overlay-opacity":"","overlay-gradient":""},"tablet":{"background-color":"","background-image":"","background-repeat":"repeat","background-position":"center center","background-size":"auto","background-attachment":"scroll","background-type":"","background-media":"","overlay-type":"","overlay-color":"","overlay-opacity":"","overlay-gradient":""},"mobile":{"background-color":"","background-image":"","background-repeat":"repeat","background-position":"center center","background-size":"auto","background-attachment":"scroll","background-type":"","background-media":"","overlay-type":"","overlay-color":"","overlay-opacity":"","overlay-gradient":""}},"ast-content-background-meta":{"desktop":{"background-color":"var(--ast-global-color-5)","background-image":"","background-repeat":"repeat","background-position":"center center","background-size":"auto","background-attachment":"scroll","background-type":"","background-media":"","overlay-type":"","overlay-color":"","overlay-opacity":"","overlay-gradient":""},"tablet":{"background-color":"var(--ast-global-color-5)","background-image":"","background-repeat":"repeat","background-position":"center center","background-size":"auto","background-attachment":"scroll","background-type":"","background-media":"","overlay-type":"","overlay-color":"","overlay-opacity":"","overlay-gradient":""},"mobile":{"background-color":"var(--ast-global-color-5)","background-image":"","background-repeat":"repeat","background-position":"center center","background-size":"auto","background-attachment":"scroll","background-type":"","background-media":"","overlay-type":"","overlay-color":"","overlay-opacity":"","overlay-gradient":""}},"footnotes":""},"class_list":["post-1790","page","type-page","status-publish","hentry"],"_links":{"self":[{"href":"https:\/\/bonappetita.com\/co\/wp-json\/wp\/v2\/pages\/1790","targetHints":{"allow":["GET"]}}],"collection":[{"href":"https:\/\/bonappetita.com\/co\/wp-json\/wp\/v2\/pages"}],"about":[{"href":"https:\/\/bonappetita.com\/co\/wp-json\/wp\/v2\/types\/page"}],"author":[{"embeddable":true,"href":"https:\/\/bonappetita.com\/co\/wp-json\/wp\/v2\/users\/1"}],"replies":[{"embeddable":true,"href":"https:\/\/bonappetita.com\/co\/wp-json\/wp\/v2\/comments?post=1790"}],"version-history":[{"count":94,"href":"https:\/\/bonappetita.com\/co\/wp-json\/wp\/v2\/pages\/1790\/revisions"}],"predecessor-version":[{"id":5620,"href":"https:\/\/bonappetita.com\/co\/wp-json\/wp\/v2\/pages\/1790\/revisions\/5620"}],"wp:attachment":[{"href":"https:\/\/bonappetita.com\/co\/wp-json\/wp\/v2\/media?parent=1790"}],"curies":[{"name":"wp","href":"https:\/\/api.w.org\/{rel}","templated":true}]}}