{"id":2482,"date":"2024-09-12T01:00:06","date_gmt":"2024-09-12T01:00:06","guid":{"rendered":"https:\/\/bonappetita.com\/co\/?page_id=2482"},"modified":"2024-09-12T23:50:06","modified_gmt":"2024-09-12T23:50:06","slug":"instrucciones","status":"publish","type":"page","link":"https:\/\/bonappetita.com\/co\/instrucciones\/","title":{"rendered":"Instrucciones de uso"},"content":{"rendered":"\t\t<div data-elementor-type=\"wp-page\" data-elementor-id=\"2482\" class=\"elementor elementor-2482\" data-elementor-post-type=\"page\">\n\t\t\t\t<div class=\"elementor-element elementor-element-c52262a e-flex e-con-boxed e-con e-parent\" data-id=\"c52262a\" data-element_type=\"container\" data-e-type=\"container\" data-settings=\"{&quot;background_background&quot;:&quot;classic&quot;}\">\n\t\t\t\t\t<div class=\"e-con-inner\">\n\t\t<div class=\"elementor-element elementor-element-65b5f7a e-con-full e-flex e-con e-child\" data-id=\"65b5f7a\" data-element_type=\"container\" data-e-type=\"container\">\n\t\t\t\t<div class=\"elementor-element elementor-element-45a2366 elementor-widget elementor-widget-heading\" data-id=\"45a2366\" data-element_type=\"widget\" data-e-type=\"widget\" data-widget_type=\"heading.default\">\n\t\t\t\t<div class=\"elementor-widget-container\">\n\t\t\t\t\t<h2 class=\"elementor-heading-title elementor-size-default\">Instrucciones\n<\/h2>\t\t\t\t<\/div>\n\t\t\t\t<\/div>\n\t\t\t\t<div class=\"elementor-element elementor-element-38e1c20 elementor-widget elementor-widget-heading\" data-id=\"38e1c20\" data-element_type=\"widget\" data-e-type=\"widget\" data-widget_type=\"heading.default\">\n\t\t\t\t<div class=\"elementor-widget-container\">\n\t\t\t\t\t<h2 class=\"elementor-heading-title elementor-size-default\">\nde uso<\/h2>\t\t\t\t<\/div>\n\t\t\t\t<\/div>\n\t\t\t\t<div class=\"elementor-element elementor-element-55b138b elementor-widget elementor-widget-image\" data-id=\"55b138b\" data-element_type=\"widget\" data-e-type=\"widget\" data-widget_type=\"image.default\">\n\t\t\t\t<div class=\"elementor-widget-container\">\n\t\t\t\t\t\t\t\t\t\t\t\t\t\t\t<img fetchpriority=\"high\" decoding=\"async\" width=\"1024\" height=\"146\" src=\"https:\/\/bonappetita.com\/co\/wp-content\/uploads\/sites\/5\/2024\/09\/FRANJA-ROJA-06-1024x146.png\" class=\"attachment-large size-large wp-image-2485\" alt=\"\" srcset=\"https:\/\/bonappetita.com\/co\/wp-content\/uploads\/sites\/5\/2024\/09\/FRANJA-ROJA-06-1024x146.png 1024w, https:\/\/bonappetita.com\/co\/wp-content\/uploads\/sites\/5\/2024\/09\/FRANJA-ROJA-06-300x43.png 300w, https:\/\/bonappetita.com\/co\/wp-content\/uploads\/sites\/5\/2024\/09\/FRANJA-ROJA-06-768x109.png 768w, https:\/\/bonappetita.com\/co\/wp-content\/uploads\/sites\/5\/2024\/09\/FRANJA-ROJA-06-1536x218.png 1536w, https:\/\/bonappetita.com\/co\/wp-content\/uploads\/sites\/5\/2024\/09\/FRANJA-ROJA-06-2048x291.png 2048w, https:\/\/bonappetita.com\/co\/wp-content\/uploads\/sites\/5\/2024\/09\/FRANJA-ROJA-06-600x85.png 600w\" sizes=\"(max-width: 1024px) 100vw, 1024px\" \/>\t\t\t\t\t\t\t\t\t\t\t\t\t\t\t<\/div>\n\t\t\t\t<\/div>\n\t\t\t\t<\/div>\n\t\t<div class=\"elementor-element elementor-element-d79c216 e-con-full e-flex e-con e-child\" data-id=\"d79c216\" data-element_type=\"container\" data-e-type=\"container\">\n\t\t<div class=\"elementor-element elementor-element-3204658 e-con-full e-flex e-con e-child\" data-id=\"3204658\" data-element_type=\"container\" data-e-type=\"container\">\n\t\t<div class=\"elementor-element elementor-element-6a4ca3e e-con-full e-flex e-con e-child\" data-id=\"6a4ca3e\" data-element_type=\"container\" data-e-type=\"container\">\n\t\t<div class=\"elementor-element elementor-element-77ca305 e-con-full e-flex e-con e-child\" data-id=\"77ca305\" data-element_type=\"container\" data-e-type=\"container\" data-settings=\"{&quot;background_background&quot;:&quot;classic&quot;}\">\n\t\t\t\t<div class=\"elementor-element elementor-element-75ff285 elementor-widget elementor-widget-image\" data-id=\"75ff285\" data-element_type=\"widget\" data-e-type=\"widget\" data-widget_type=\"image.default\">\n\t\t\t\t<div class=\"elementor-widget-container\">\n\t\t\t\t\t\t\t\t\t\t\t\t\t\t\t<img decoding=\"async\" width=\"1024\" height=\"1024\" src=\"https:\/\/bonappetita.com\/co\/wp-content\/uploads\/sites\/5\/2024\/09\/BANNERS-BON-APPETITA-09-1024x1024.png\" class=\"attachment-large size-large wp-image-2421\" alt=\"\" srcset=\"https:\/\/bonappetita.com\/co\/wp-content\/uploads\/sites\/5\/2024\/09\/BANNERS-BON-APPETITA-09-1024x1024.png 1024w, https:\/\/bonappetita.com\/co\/wp-content\/uploads\/sites\/5\/2024\/09\/BANNERS-BON-APPETITA-09-300x300.png 300w, https:\/\/bonappetita.com\/co\/wp-content\/uploads\/sites\/5\/2024\/09\/BANNERS-BON-APPETITA-09-150x150.png 150w, https:\/\/bonappetita.com\/co\/wp-content\/uploads\/sites\/5\/2024\/09\/BANNERS-BON-APPETITA-09-768x768.png 768w, https:\/\/bonappetita.com\/co\/wp-content\/uploads\/sites\/5\/2024\/09\/BANNERS-BON-APPETITA-09-1536x1536.png 1536w, https:\/\/bonappetita.com\/co\/wp-content\/uploads\/sites\/5\/2024\/09\/BANNERS-BON-APPETITA-09-2048x2048.png 2048w, https:\/\/bonappetita.com\/co\/wp-content\/uploads\/sites\/5\/2024\/09\/BANNERS-BON-APPETITA-09-600x600.png 600w, https:\/\/bonappetita.com\/co\/wp-content\/uploads\/sites\/5\/2024\/09\/BANNERS-BON-APPETITA-09-100x100.png 100w\" sizes=\"(max-width: 1024px) 100vw, 1024px\" \/>\t\t\t\t\t\t\t\t\t\t\t\t\t\t\t<\/div>\n\t\t\t\t<\/div>\n\t\t\t\t<div class=\"elementor-element elementor-element-7f639d0 elementor-widget elementor-widget-heading\" data-id=\"7f639d0\" data-element_type=\"widget\" data-e-type=\"widget\" data-widget_type=\"heading.default\">\n\t\t\t\t<div class=\"elementor-widget-container\">\n\t\t\t\t\t<h2 class=\"elementor-heading-title elementor-size-default\">D\u00edas 1 y 2<\/h2>\t\t\t\t<\/div>\n\t\t\t\t<\/div>\n\t\t\t\t<div class=\"elementor-element elementor-element-6885dfe elementor-widget elementor-widget-heading\" data-id=\"6885dfe\" data-element_type=\"widget\" data-e-type=\"widget\" data-widget_type=\"heading.default\">\n\t\t\t\t<div class=\"elementor-widget-container\">\n\t\t\t\t\t<h2 class=\"elementor-heading-title elementor-size-default\">25% Bon Appetita y 75% comida seca<\/h2>\t\t\t\t<\/div>\n\t\t\t\t<\/div>\n\t\t\t\t<\/div>\n\t\t<div class=\"elementor-element elementor-element-5831c16 e-con-full e-flex e-con e-child\" data-id=\"5831c16\" data-element_type=\"container\" data-e-type=\"container\" data-settings=\"{&quot;background_background&quot;:&quot;classic&quot;}\">\n\t\t\t\t<div class=\"elementor-element elementor-element-cca3184 elementor-widget elementor-widget-image\" data-id=\"cca3184\" data-element_type=\"widget\" data-e-type=\"widget\" data-widget_type=\"image.default\">\n\t\t\t\t<div class=\"elementor-widget-container\">\n\t\t\t\t\t\t\t\t\t\t\t\t\t\t\t<img decoding=\"async\" width=\"1024\" height=\"1024\" src=\"https:\/\/bonappetita.com\/co\/wp-content\/uploads\/sites\/5\/2024\/09\/BANNERS-BON-APPETITA-10-1024x1024.png\" class=\"attachment-large size-large wp-image-2422\" alt=\"\" srcset=\"https:\/\/bonappetita.com\/co\/wp-content\/uploads\/sites\/5\/2024\/09\/BANNERS-BON-APPETITA-10-1024x1024.png 1024w, https:\/\/bonappetita.com\/co\/wp-content\/uploads\/sites\/5\/2024\/09\/BANNERS-BON-APPETITA-10-300x300.png 300w, https:\/\/bonappetita.com\/co\/wp-content\/uploads\/sites\/5\/2024\/09\/BANNERS-BON-APPETITA-10-150x150.png 150w, https:\/\/bonappetita.com\/co\/wp-content\/uploads\/sites\/5\/2024\/09\/BANNERS-BON-APPETITA-10-768x768.png 768w, https:\/\/bonappetita.com\/co\/wp-content\/uploads\/sites\/5\/2024\/09\/BANNERS-BON-APPETITA-10-1536x1536.png 1536w, https:\/\/bonappetita.com\/co\/wp-content\/uploads\/sites\/5\/2024\/09\/BANNERS-BON-APPETITA-10-2048x2048.png 2048w, https:\/\/bonappetita.com\/co\/wp-content\/uploads\/sites\/5\/2024\/09\/BANNERS-BON-APPETITA-10-600x600.png 600w, https:\/\/bonappetita.com\/co\/wp-content\/uploads\/sites\/5\/2024\/09\/BANNERS-BON-APPETITA-10-100x100.png 100w\" sizes=\"(max-width: 1024px) 100vw, 1024px\" \/>\t\t\t\t\t\t\t\t\t\t\t\t\t\t\t<\/div>\n\t\t\t\t<\/div>\n\t\t\t\t<div class=\"elementor-element elementor-element-e0e92ce elementor-widget elementor-widget-heading\" data-id=\"e0e92ce\" data-element_type=\"widget\" data-e-type=\"widget\" data-widget_type=\"heading.default\">\n\t\t\t\t<div class=\"elementor-widget-container\">\n\t\t\t\t\t<h2 class=\"elementor-heading-title elementor-size-default\">D\u00edas 3 y 4\n<\/h2>\t\t\t\t<\/div>\n\t\t\t\t<\/div>\n\t\t\t\t<div class=\"elementor-element elementor-element-4dfd9ac elementor-widget elementor-widget-heading\" data-id=\"4dfd9ac\" data-element_type=\"widget\" data-e-type=\"widget\" data-widget_type=\"heading.default\">\n\t\t\t\t<div class=\"elementor-widget-container\">\n\t\t\t\t\t<h2 class=\"elementor-heading-title elementor-size-default\">50% Bon Appetita y 50% comida seca<\/h2>\t\t\t\t<\/div>\n\t\t\t\t<\/div>\n\t\t\t\t<\/div>\n\t\t\t\t<\/div>\n\t\t<div class=\"elementor-element elementor-element-fd3cf6b e-con-full e-flex e-con e-child\" data-id=\"fd3cf6b\" data-element_type=\"container\" data-e-type=\"container\">\n\t\t<div class=\"elementor-element elementor-element-79e3d0d e-con-full e-flex e-con e-child\" data-id=\"79e3d0d\" data-element_type=\"container\" data-e-type=\"container\" data-settings=\"{&quot;background_background&quot;:&quot;classic&quot;}\">\n\t\t\t\t<div class=\"elementor-element elementor-element-8777ca0 elementor-widget elementor-widget-image\" data-id=\"8777ca0\" data-element_type=\"widget\" data-e-type=\"widget\" data-widget_type=\"image.default\">\n\t\t\t\t<div class=\"elementor-widget-container\">\n\t\t\t\t\t\t\t\t\t\t\t\t\t\t\t<img loading=\"lazy\" decoding=\"async\" width=\"1024\" height=\"1024\" src=\"https:\/\/bonappetita.com\/co\/wp-content\/uploads\/sites\/5\/2024\/09\/BANNERS-BON-APPETITA-11-1024x1024.png\" class=\"attachment-large size-large wp-image-2423\" alt=\"\" srcset=\"https:\/\/bonappetita.com\/co\/wp-content\/uploads\/sites\/5\/2024\/09\/BANNERS-BON-APPETITA-11-1024x1024.png 1024w, https:\/\/bonappetita.com\/co\/wp-content\/uploads\/sites\/5\/2024\/09\/BANNERS-BON-APPETITA-11-300x300.png 300w, https:\/\/bonappetita.com\/co\/wp-content\/uploads\/sites\/5\/2024\/09\/BANNERS-BON-APPETITA-11-150x150.png 150w, https:\/\/bonappetita.com\/co\/wp-content\/uploads\/sites\/5\/2024\/09\/BANNERS-BON-APPETITA-11-768x768.png 768w, https:\/\/bonappetita.com\/co\/wp-content\/uploads\/sites\/5\/2024\/09\/BANNERS-BON-APPETITA-11-1536x1536.png 1536w, https:\/\/bonappetita.com\/co\/wp-content\/uploads\/sites\/5\/2024\/09\/BANNERS-BON-APPETITA-11-2048x2048.png 2048w, https:\/\/bonappetita.com\/co\/wp-content\/uploads\/sites\/5\/2024\/09\/BANNERS-BON-APPETITA-11-600x600.png 600w, https:\/\/bonappetita.com\/co\/wp-content\/uploads\/sites\/5\/2024\/09\/BANNERS-BON-APPETITA-11-100x100.png 100w\" sizes=\"(max-width: 1024px) 100vw, 1024px\" \/>\t\t\t\t\t\t\t\t\t\t\t\t\t\t\t<\/div>\n\t\t\t\t<\/div>\n\t\t\t\t<div class=\"elementor-element elementor-element-0aa50be elementor-widget elementor-widget-heading\" data-id=\"0aa50be\" data-element_type=\"widget\" data-e-type=\"widget\" data-widget_type=\"heading.default\">\n\t\t\t\t<div class=\"elementor-widget-container\">\n\t\t\t\t\t<h2 class=\"elementor-heading-title elementor-size-default\">D\u00edas 5 y 6\n<\/h2>\t\t\t\t<\/div>\n\t\t\t\t<\/div>\n\t\t\t\t<div class=\"elementor-element elementor-element-0863270 elementor-widget elementor-widget-heading\" data-id=\"0863270\" data-element_type=\"widget\" data-e-type=\"widget\" data-widget_type=\"heading.default\">\n\t\t\t\t<div class=\"elementor-widget-container\">\n\t\t\t\t\t<h2 class=\"elementor-heading-title elementor-size-default\">75% Bon Appetita y 25% comida seca\n<\/h2>\t\t\t\t<\/div>\n\t\t\t\t<\/div>\n\t\t\t\t<\/div>\n\t\t<div class=\"elementor-element elementor-element-d878a7b e-con-full e-flex e-con e-child\" data-id=\"d878a7b\" data-element_type=\"container\" data-e-type=\"container\" data-settings=\"{&quot;background_background&quot;:&quot;classic&quot;}\">\n\t\t\t\t<div class=\"elementor-element elementor-element-4b55b73 elementor-widget elementor-widget-image\" data-id=\"4b55b73\" data-element_type=\"widget\" data-e-type=\"widget\" data-widget_type=\"image.default\">\n\t\t\t\t<div class=\"elementor-widget-container\">\n\t\t\t\t\t\t\t\t\t\t\t\t\t\t\t<img loading=\"lazy\" decoding=\"async\" width=\"1024\" height=\"748\" src=\"https:\/\/bonappetita.com\/co\/wp-content\/uploads\/sites\/5\/2024\/08\/LogoWeb-scaled-1024x748.webp\" class=\"attachment-large size-large wp-image-1504\" alt=\"\" srcset=\"https:\/\/bonappetita.com\/co\/wp-content\/uploads\/sites\/5\/2024\/08\/LogoWeb-scaled-1024x748.webp 1024w, https:\/\/bonappetita.com\/co\/wp-content\/uploads\/sites\/5\/2024\/08\/LogoWeb-scaled-300x219.webp 300w, https:\/\/bonappetita.com\/co\/wp-content\/uploads\/sites\/5\/2024\/08\/LogoWeb-scaled-768x561.webp 768w, https:\/\/bonappetita.com\/co\/wp-content\/uploads\/sites\/5\/2024\/08\/LogoWeb-scaled-1536x1123.webp 1536w, https:\/\/bonappetita.com\/co\/wp-content\/uploads\/sites\/5\/2024\/08\/LogoWeb-scaled-2048x1497.webp 2048w\" sizes=\"(max-width: 1024px) 100vw, 1024px\" \/>\t\t\t\t\t\t\t\t\t\t\t\t\t\t\t<\/div>\n\t\t\t\t<\/div>\n\t\t\t\t<div class=\"elementor-element elementor-element-528d3b8 elementor-widget elementor-widget-heading\" data-id=\"528d3b8\" data-element_type=\"widget\" data-e-type=\"widget\" data-widget_type=\"heading.default\">\n\t\t\t\t<div class=\"elementor-widget-container\">\n\t\t\t\t\t<h2 class=\"elementor-heading-title elementor-size-default\">D\u00eda 7\n<\/h2>\t\t\t\t<\/div>\n\t\t\t\t<\/div>\n\t\t\t\t<div class=\"elementor-element elementor-element-bb49494 elementor-widget elementor-widget-heading\" data-id=\"bb49494\" data-element_type=\"widget\" data-e-type=\"widget\" data-widget_type=\"heading.default\">\n\t\t\t\t<div class=\"elementor-widget-container\">\n\t\t\t\t\t<h2 class=\"elementor-heading-title elementor-size-default\">\u00a1Ya puedes darle \u00fanicamente\nBon Appetita!\nDivide su raci\u00f3n en las tomas diarias que quieras.<\/h2>\t\t\t\t<\/div>\n\t\t\t\t<\/div>\n\t\t\t\t<\/div>\n\t\t\t\t<\/div>\n\t\t\t\t<\/div>\n\t\t<div class=\"elementor-element elementor-element-ec99224 e-con-full e-flex e-con e-child\" data-id=\"ec99224\" data-element_type=\"container\" data-e-type=\"container\">\n\t\t\t\t<div class=\"elementor-element elementor-element-4a0e423 elementor-widget elementor-widget-heading\" data-id=\"4a0e423\" data-element_type=\"widget\" data-e-type=\"widget\" data-widget_type=\"heading.default\">\n\t\t\t\t<div class=\"elementor-widget-container\">\n\t\t\t\t\t<h2 class=\"elementor-heading-title elementor-size-default\">La transici\u00f3n m\u00e1s saludable con Bon Appetita<\/h2>\t\t\t\t<\/div>\n\t\t\t\t<\/div>\n\t\t\t\t<div class=\"elementor-element elementor-element-dc2ab3a elementor-widget elementor-widget-text-editor\" data-id=\"dc2ab3a\" data-element_type=\"widget\" data-e-type=\"widget\" data-widget_type=\"text-editor.default\">\n\t\t\t\t<div class=\"elementor-widget-container\">\n\t\t\t\t\t\t\t\t\t<p>\u00bfSab\u00edas que Bon Appetita utiliza carne magra de res de primera calidad como principal fuente de prote\u00edna? Ahora que lo sabes, debes tener en cuenta que nuestro alimento contiene un porcentaje mayor de prote\u00edna animal y vegetal comparado con la comida convencional para mascotas.<\/p><p>Es por esto que es muy importante familiarizar Bon Appetita con el est\u00f3mago de tu consentido, debido a la diferencia nutricional de la que est\u00e1 compuesta la comida regular. Con la siguiente transici\u00f3n, podr\u00e1s asegurarte de que la salud de tu perrito o gatito no se va a ver perjudicada mientras se acostumbra a su nuevo alimento.<\/p><p>El camino hacia una nutrici\u00f3n m\u00e1s saludable y fresca<\/p><p>D\u00eda 1-2: 75% comida regular 25% Bon Appetita<br \/>D\u00eda 3-4: 50% comida regular 50% Bon Appetita<br \/>D\u00eda 5-6: 25% comida regular 75% Bon Appetita<br \/>D\u00eda 7: 100% Bon Appetita<\/p>\t\t\t\t\t\t\t\t<\/div>\n\t\t\t\t<\/div>\n\t\t\t\t<\/div>\n\t\t\t\t<\/div>\n\t\t<div class=\"elementor-element elementor-element-3b962fc e-con-full e-flex e-con e-child\" data-id=\"3b962fc\" data-element_type=\"container\" data-e-type=\"container\">\n\t\t<div class=\"elementor-element elementor-element-bbc7b95 e-con-full e-flex e-con e-child\" data-id=\"bbc7b95\" data-element_type=\"container\" data-e-type=\"container\">\n\t\t\t\t<div class=\"elementor-element elementor-element-7e686fd elementor-widget elementor-widget-heading\" data-id=\"7e686fd\" data-element_type=\"widget\" data-e-type=\"widget\" data-widget_type=\"heading.default\">\n\t\t\t\t<div class=\"elementor-widget-container\">\n\t\t\t\t\t<h2 class=\"elementor-heading-title elementor-size-default\">\u00bfC\u00f3mo se conserva Bon Appetita?\n<\/h2>\t\t\t\t<\/div>\n\t\t\t\t<\/div>\n\t\t\t\t<div class=\"elementor-element elementor-element-994feab elementor-widget elementor-widget-text-editor\" data-id=\"994feab\" data-element_type=\"widget\" data-e-type=\"widget\" data-widget_type=\"text-editor.default\">\n\t\t\t\t<div class=\"elementor-widget-container\">\n\t\t\t\t\t\t\t\t\t<p>Desde nuestro primer proceso de elaboraci\u00f3n hasta el m\u00e9todo de entrega, nos encargamos de que todas nuestras fuentes de producci\u00f3n sean de energ\u00edas sostenibles y renovables.<\/p><p>Gracias a su empaque y a su m\u00e9todo de cocci\u00f3n al vapor, Bon Appetita es un producto listo para servir a tu consentido y se puede conservar en cualquier temperatura manteniendo su valor nutricional en los m\u00e1s altos est\u00e1ndares.<\/p><p>Una vez abierto el producto, se recomienda conservarlo dentro de una nevera o fr\u00edo encapsulado, teniendo su sello herm\u00e9tico cerrado. De igual manera, su consumo una vez abierto no debe exceder el periodo de 2 d\u00edas.<\/p>\t\t\t\t\t\t\t\t<\/div>\n\t\t\t\t<\/div>\n\t\t\t\t<\/div>\n\t\t<div class=\"elementor-element elementor-element-6148f74 e-con-full e-flex e-con e-child\" data-id=\"6148f74\" data-element_type=\"container\" data-e-type=\"container\">\n\t\t\t\t<div class=\"elementor-element elementor-element-c609fcc elementor-widget elementor-widget-image\" data-id=\"c609fcc\" data-element_type=\"widget\" data-e-type=\"widget\" data-widget_type=\"image.default\">\n\t\t\t\t<div class=\"elementor-widget-container\">\n\t\t\t\t\t\t\t\t\t\t\t\t\t\t\t<img loading=\"lazy\" decoding=\"async\" width=\"644\" height=\"698\" src=\"https:\/\/bonappetita.com\/co\/wp-content\/uploads\/sites\/5\/2024\/09\/Prodcutos.webp\" class=\"attachment-full size-full wp-image-3080\" alt=\"\" srcset=\"https:\/\/bonappetita.com\/co\/wp-content\/uploads\/sites\/5\/2024\/09\/Prodcutos.webp 644w, https:\/\/bonappetita.com\/co\/wp-content\/uploads\/sites\/5\/2024\/09\/Prodcutos-277x300.webp 277w, https:\/\/bonappetita.com\/co\/wp-content\/uploads\/sites\/5\/2024\/09\/Prodcutos-300x325.webp 300w, https:\/\/bonappetita.com\/co\/wp-content\/uploads\/sites\/5\/2024\/09\/Prodcutos-600x650.webp 600w\" sizes=\"(max-width: 644px) 100vw, 644px\" \/>\t\t\t\t\t\t\t\t\t\t\t\t\t\t\t<\/div>\n\t\t\t\t<\/div>\n\t\t\t\t<\/div>\n\t\t\t\t<\/div>\n\t\t<div class=\"elementor-element elementor-element-6eaadd3 e-con-full e-flex e-con e-child\" data-id=\"6eaadd3\" data-element_type=\"container\" data-e-type=\"container\">\n\t\t<div class=\"elementor-element elementor-element-1d3f8cd e-con-full e-flex e-con e-child\" data-id=\"1d3f8cd\" data-element_type=\"container\" data-e-type=\"container\">\n\t\t\t\t<div class=\"elementor-element elementor-element-c8158ca elementor-widget elementor-widget-image\" data-id=\"c8158ca\" data-element_type=\"widget\" data-e-type=\"widget\" data-widget_type=\"image.default\">\n\t\t\t\t<div class=\"elementor-widget-container\">\n\t\t\t\t\t\t\t\t\t\t\t\t\t\t\t<img loading=\"lazy\" decoding=\"async\" width=\"1080\" height=\"1920\" src=\"https:\/\/bonappetita.com\/co\/wp-content\/uploads\/sites\/5\/2024\/09\/Kitten-pork.gif\" class=\"attachment-full size-full wp-image-2503\" alt=\"\" \/>\t\t\t\t\t\t\t\t\t\t\t\t\t\t\t<\/div>\n\t\t\t\t<\/div>\n\t\t\t\t<div class=\"elementor-element elementor-element-9a21268 elementor-absolute e-transform elementor-widget elementor-widget-image\" data-id=\"9a21268\" data-element_type=\"widget\" data-e-type=\"widget\" data-settings=\"{&quot;_position&quot;:&quot;absolute&quot;,&quot;_transform_flipX_effect&quot;:&quot;transform&quot;}\" data-widget_type=\"image.default\">\n\t\t\t\t<div class=\"elementor-widget-container\">\n\t\t\t\t\t\t\t\t\t\t\t\t\t\t\t<img loading=\"lazy\" decoding=\"async\" width=\"376\" height=\"407\" src=\"https:\/\/bonappetita.com\/co\/wp-content\/uploads\/sites\/5\/2024\/09\/HuellaGato1.webp\" class=\"attachment-full size-full wp-image-2606\" alt=\"\" srcset=\"https:\/\/bonappetita.com\/co\/wp-content\/uploads\/sites\/5\/2024\/09\/HuellaGato1.webp 376w, https:\/\/bonappetita.com\/co\/wp-content\/uploads\/sites\/5\/2024\/09\/HuellaGato1-277x300.webp 277w\" sizes=\"(max-width: 376px) 100vw, 376px\" \/>\t\t\t\t\t\t\t\t\t\t\t\t\t\t\t<\/div>\n\t\t\t\t<\/div>\n\t\t\t\t<\/div>\n\t\t<div class=\"elementor-element elementor-element-dffd45a e-con-full e-flex e-con e-child\" data-id=\"dffd45a\" data-element_type=\"container\" data-e-type=\"container\">\n\t\t\t\t<div class=\"elementor-element elementor-element-f5bbce8 elementor-widget elementor-widget-heading\" data-id=\"f5bbce8\" data-element_type=\"widget\" data-e-type=\"widget\" data-widget_type=\"heading.default\">\n\t\t\t\t<div class=\"elementor-widget-container\">\n\t\t\t\t\t<h2 class=\"elementor-heading-title elementor-size-default\">Una experiencia \u201cBon Appetitosa\u201d\n\n<\/h2>\t\t\t\t<\/div>\n\t\t\t\t<\/div>\n\t\t\t\t<div class=\"elementor-element elementor-element-828f8f5 elementor-widget elementor-widget-text-editor\" data-id=\"828f8f5\" data-element_type=\"widget\" data-e-type=\"widget\" data-widget_type=\"text-editor.default\">\n\t\t\t\t<div class=\"elementor-widget-container\">\n\t\t\t\t\t\t\t\t\t<p>Ahora que tienes el nuevo alimento preferido de tu consentido, te explicaremos el paso a paso para usarlo y tener una experiencia \u201cBon Appetitosa\u201d:<\/p><ol><li>Saca el Bon Appetita preferido de tu perrito o gatito.<br \/><br \/><\/li><li>Abre el sello herm\u00e9tico.<br \/><br \/><\/li><li>En su plato preferido, sirve la cantidad necesaria para tu consentido. Puedes calcularla con nuestra herramienta: (link costo por raci\u00f3n).<br \/><br \/><\/li><li><strong>\u00a1Y listo! Dile Bon Appetita a tu amigo de cuatro patas.<\/strong><\/li><\/ol>\t\t\t\t\t\t\t\t<\/div>\n\t\t\t\t<\/div>\n\t\t\t\t<\/div>\n\t\t\t\t<\/div>\n\t\t\t\t\t<\/div>\n\t\t\t\t<\/div>\n\t\t\t\t<\/div>\n\t\t","protected":false},"excerpt":{"rendered":"<p>Instrucciones de uso D\u00edas 1 y 2 25% Bon Appetita y 75% comida seca D\u00edas 3 y 4 50% Bon [&hellip;]<\/p>\n","protected":false},"author":1,"featured_media":0,"parent":0,"menu_order":0,"comment_status":"closed","ping_status":"closed","template":"","meta":{"inline_featured_image":false,"site-sidebar-layout":"no-sidebar","site-content-layout":"","ast-site-content-layout":"full-width-container","site-content-style":"default","site-sidebar-style":"default","ast-global-header-display":"","ast-banner-title-visibility":"","ast-main-header-display":"","ast-hfb-above-header-display":"","ast-hfb-below-header-display":"","ast-hfb-mobile-header-display":"","site-post-title":"disabled","ast-breadcrumbs-content":"","ast-featured-img":"disabled","footer-sml-layout":"","theme-transparent-header-meta":"","adv-header-id-meta":"","stick-header-meta":"","header-above-stick-meta":"","header-main-stick-meta":"","header-below-stick-meta":"","astra-migrate-meta-layouts":"default","ast-page-background-enabled":"default","ast-page-background-meta":{"desktop":{"background-color":"var(--ast-global-color-4)","background-image":"","background-repeat":"repeat","background-position":"center center","background-size":"auto","background-attachment":"scroll","background-type":"","background-media":"","overlay-type":"","overlay-color":"","overlay-opacity":"","overlay-gradient":""},"tablet":{"background-color":"","background-image":"","background-repeat":"repeat","background-position":"center center","background-size":"auto","background-attachment":"scroll","background-type":"","background-media":"","overlay-type":"","overlay-color":"","overlay-opacity":"","overlay-gradient":""},"mobile":{"background-color":"","background-image":"","background-repeat":"repeat","background-position":"center center","background-size":"auto","background-attachment":"scroll","background-type":"","background-media":"","overlay-type":"","overlay-color":"","overlay-opacity":"","overlay-gradient":""}},"ast-content-background-meta":{"desktop":{"background-color":"var(--ast-global-color-5)","background-image":"","background-repeat":"repeat","background-position":"center center","background-size":"auto","background-attachment":"scroll","background-type":"","background-media":"","overlay-type":"","overlay-color":"","overlay-opacity":"","overlay-gradient":""},"tablet":{"background-color":"var(--ast-global-color-5)","background-image":"","background-repeat":"repeat","background-position":"center center","background-size":"auto","background-attachment":"scroll","background-type":"","background-media":"","overlay-type":"","overlay-color":"","overlay-opacity":"","overlay-gradient":""},"mobile":{"background-color":"var(--ast-global-color-5)","background-image":"","background-repeat":"repeat","background-position":"center center","background-size":"auto","background-attachment":"scroll","background-type":"","background-media":"","overlay-type":"","overlay-color":"","overlay-opacity":"","overlay-gradient":""}},"footnotes":""},"class_list":["post-2482","page","type-page","status-publish","hentry"],"_links":{"self":[{"href":"https:\/\/bonappetita.com\/co\/wp-json\/wp\/v2\/pages\/2482","targetHints":{"allow":["GET"]}}],"collection":[{"href":"https:\/\/bonappetita.com\/co\/wp-json\/wp\/v2\/pages"}],"about":[{"href":"https:\/\/bonappetita.com\/co\/wp-json\/wp\/v2\/types\/page"}],"author":[{"embeddable":true,"href":"https:\/\/bonappetita.com\/co\/wp-json\/wp\/v2\/users\/1"}],"replies":[{"embeddable":true,"href":"https:\/\/bonappetita.com\/co\/wp-json\/wp\/v2\/comments?post=2482"}],"version-history":[{"count":31,"href":"https:\/\/bonappetita.com\/co\/wp-json\/wp\/v2\/pages\/2482\/revisions"}],"predecessor-version":[{"id":3086,"href":"https:\/\/bonappetita.com\/co\/wp-json\/wp\/v2\/pages\/2482\/revisions\/3086"}],"wp:attachment":[{"href":"https:\/\/bonappetita.com\/co\/wp-json\/wp\/v2\/media?parent=2482"}],"curies":[{"name":"wp","href":"https:\/\/api.w.org\/{rel}","templated":true}]}}