{"id":4178,"date":"2024-10-09T17:54:04","date_gmt":"2024-10-09T17:54:04","guid":{"rendered":"https:\/\/bonappetita.com\/cr\/?page_id=4178"},"modified":"2026-02-11T17:35:12","modified_gmt":"2026-02-11T17:35:12","slug":"la-magia-esta-en-los-ingredientes","status":"publish","type":"page","link":"https:\/\/bonappetita.com\/cr\/la-magia-esta-en-los-ingredientes\/","title":{"rendered":"La magia esta en los ingredientes"},"content":{"rendered":"\t\t<div data-elementor-type=\"wp-page\" data-elementor-id=\"4178\" class=\"elementor elementor-4178\" data-elementor-post-type=\"page\">\n\t\t\t\t<div class=\"elementor-element elementor-element-5a9a74c e-flex e-con-boxed e-con e-parent\" data-id=\"5a9a74c\" data-element_type=\"container\" data-e-type=\"container\" data-settings=\"{&quot;background_background&quot;:&quot;classic&quot;}\">\n\t\t\t\t\t<div class=\"e-con-inner\">\n\t\t\t\t\t<\/div>\n\t\t\t\t<\/div>\n\t\t<div class=\"elementor-element elementor-element-96e6f57 e-flex e-con-boxed e-con e-parent\" data-id=\"96e6f57\" data-element_type=\"container\" data-e-type=\"container\" data-settings=\"{&quot;background_background&quot;:&quot;classic&quot;}\">\n\t\t\t\t\t<div class=\"e-con-inner\">\n\t\t<div class=\"elementor-element elementor-element-18f756d e-con-full e-flex e-con e-child\" data-id=\"18f756d\" data-element_type=\"container\" data-e-type=\"container\">\n\t\t<div class=\"elementor-element elementor-element-463ce11 e-con-full e-transform e-flex e-con e-child\" data-id=\"463ce11\" data-element_type=\"container\" data-e-type=\"container\" data-settings=\"{&quot;background_background&quot;:&quot;classic&quot;,&quot;_transform_scale_effect_hover&quot;:{&quot;unit&quot;:&quot;px&quot;,&quot;size&quot;:1.1,&quot;sizes&quot;:[]},&quot;_transform_scale_effect_hover_tablet&quot;:{&quot;unit&quot;:&quot;px&quot;,&quot;size&quot;:&quot;&quot;,&quot;sizes&quot;:[]},&quot;_transform_scale_effect_hover_mobile&quot;:{&quot;unit&quot;:&quot;px&quot;,&quot;size&quot;:&quot;&quot;,&quot;sizes&quot;:[]}}\">\n\t\t<div class=\"elementor-element elementor-element-f70743f e-con-full e-flex e-con e-child\" data-id=\"f70743f\" data-element_type=\"container\" data-e-type=\"container\">\n\t\t\t\t<div class=\"elementor-element elementor-element-e6db6e9 elementor-widget elementor-widget-image\" data-id=\"e6db6e9\" data-element_type=\"widget\" data-e-type=\"widget\" data-widget_type=\"image.default\">\n\t\t\t\t<div class=\"elementor-widget-container\">\n\t\t\t\t\t\t\t\t\t\t\t\t\t\t\t<img fetchpriority=\"high\" decoding=\"async\" width=\"266\" height=\"294\" src=\"https:\/\/bonappetita.com\/cr\/wp-content\/uploads\/sites\/6\/2026\/02\/ProteinaBonAppetita.png\" class=\"attachment-full size-full wp-image-5154\" alt=\"\" \/>\t\t\t\t\t\t\t\t\t\t\t\t\t\t\t<\/div>\n\t\t\t\t<\/div>\n\t\t\t\t<div class=\"elementor-element elementor-element-85a983a elementor-widget elementor-widget-heading\" data-id=\"85a983a\" data-element_type=\"widget\" data-e-type=\"widget\" data-widget_type=\"heading.default\">\n\t\t\t\t<div class=\"elementor-widget-container\">\n\t\t\t\t\t<h2 class=\"elementor-heading-title elementor-size-default\">Prote\u00ednas de origen animal y vegetal<\/h2>\t\t\t\t<\/div>\n\t\t\t\t<\/div>\n\t\t\t\t<\/div>\n\t\t<div class=\"elementor-element elementor-element-5229930 e-con-full e-flex e-con e-child\" data-id=\"5229930\" data-element_type=\"container\" data-e-type=\"container\">\n\t\t\t\t<div class=\"elementor-element elementor-element-9485a64 elementor-widget elementor-widget-text-editor\" data-id=\"9485a64\" data-element_type=\"widget\" data-e-type=\"widget\" data-widget_type=\"text-editor.default\">\n\t\t\t\t<div class=\"elementor-widget-container\">\n\t\t\t\t\t\t\t\t\t<p style=\"text-align: justify;\">Carne magra de res, pechuga de pollo sin piel, coraz\u00f3n de pollo hervido, carne magra de cordero sin hueso, carne de cerdo magra sin hueso, pechuga de pavo sin piel, huevo de gallina entero, mollejas de pollo, h\u00edgados de pollo, coraz\u00f3n de pollo; que contribuyen en la construcci\u00f3n y reparaci\u00f3n de los m\u00fasculos y los tejidos, y aumentan la masa muscular magra, y <strong>Lentejas<\/strong> que se consideran de alto valor nutritivo, soportando el sistema cardiovascular y reduciendo el colesterol; adicionalmente, aportan una gran variedad de vitaminas y minerales.<\/p>\t\t\t\t\t\t\t\t<\/div>\n\t\t\t\t<\/div>\n\t\t\t\t<\/div>\n\t\t\t\t<\/div>\n\t\t<div class=\"elementor-element elementor-element-8fce141 e-con-full e-transform e-flex e-con e-child\" data-id=\"8fce141\" data-element_type=\"container\" data-e-type=\"container\" data-settings=\"{&quot;background_background&quot;:&quot;classic&quot;,&quot;_transform_scale_effect_hover&quot;:{&quot;unit&quot;:&quot;px&quot;,&quot;size&quot;:1.1,&quot;sizes&quot;:[]},&quot;_transform_scale_effect_hover_tablet&quot;:{&quot;unit&quot;:&quot;px&quot;,&quot;size&quot;:&quot;&quot;,&quot;sizes&quot;:[]},&quot;_transform_scale_effect_hover_mobile&quot;:{&quot;unit&quot;:&quot;px&quot;,&quot;size&quot;:&quot;&quot;,&quot;sizes&quot;:[]}}\">\n\t\t<div class=\"elementor-element elementor-element-3921b8e e-con-full e-flex e-con e-child\" data-id=\"3921b8e\" data-element_type=\"container\" data-e-type=\"container\">\n\t\t\t\t<div class=\"elementor-element elementor-element-8b1d847 elementor-widget elementor-widget-image\" data-id=\"8b1d847\" data-element_type=\"widget\" data-e-type=\"widget\" data-widget_type=\"image.default\">\n\t\t\t\t<div class=\"elementor-widget-container\">\n\t\t\t\t\t\t\t\t\t\t\t\t\t\t\t<img decoding=\"async\" width=\"2106\" height=\"2106\" src=\"https:\/\/bonappetita.com\/cr\/wp-content\/uploads\/sites\/6\/2024\/09\/avena-2.webp\" class=\"attachment-full size-full wp-image-2410\" alt=\"\" srcset=\"https:\/\/bonappetita.com\/cr\/wp-content\/uploads\/sites\/6\/2024\/09\/avena-2.webp 2106w, https:\/\/bonappetita.com\/cr\/wp-content\/uploads\/sites\/6\/2024\/09\/avena-2-300x300.webp 300w, https:\/\/bonappetita.com\/cr\/wp-content\/uploads\/sites\/6\/2024\/09\/avena-2-1024x1024.webp 1024w, https:\/\/bonappetita.com\/cr\/wp-content\/uploads\/sites\/6\/2024\/09\/avena-2-150x150.webp 150w, https:\/\/bonappetita.com\/cr\/wp-content\/uploads\/sites\/6\/2024\/09\/avena-2-768x768.webp 768w, https:\/\/bonappetita.com\/cr\/wp-content\/uploads\/sites\/6\/2024\/09\/avena-2-1536x1536.webp 1536w, https:\/\/bonappetita.com\/cr\/wp-content\/uploads\/sites\/6\/2024\/09\/avena-2-2048x2048.webp 2048w, https:\/\/bonappetita.com\/cr\/wp-content\/uploads\/sites\/6\/2024\/09\/avena-2-600x600.webp 600w, https:\/\/bonappetita.com\/cr\/wp-content\/uploads\/sites\/6\/2024\/09\/avena-2-100x100.webp 100w\" sizes=\"(max-width: 2106px) 100vw, 2106px\" \/>\t\t\t\t\t\t\t\t\t\t\t\t\t\t\t<\/div>\n\t\t\t\t<\/div>\n\t\t\t\t<div class=\"elementor-element elementor-element-fc0c429 elementor-widget elementor-widget-heading\" data-id=\"fc0c429\" data-element_type=\"widget\" data-e-type=\"widget\" data-widget_type=\"heading.default\">\n\t\t\t\t<div class=\"elementor-widget-container\">\n\t\t\t\t\t<h2 class=\"elementor-heading-title elementor-size-default\">Avena<\/h2>\t\t\t\t<\/div>\n\t\t\t\t<\/div>\n\t\t\t\t<\/div>\n\t\t<div class=\"elementor-element elementor-element-9b18b5d e-con-full e-flex e-con e-child\" data-id=\"9b18b5d\" data-element_type=\"container\" data-e-type=\"container\">\n\t\t\t\t<div class=\"elementor-element elementor-element-893c47d elementor-widget elementor-widget-text-editor\" data-id=\"893c47d\" data-element_type=\"widget\" data-e-type=\"widget\" data-widget_type=\"text-editor.default\">\n\t\t\t\t<div class=\"elementor-widget-container\">\n\t\t\t\t\t\t\t\t\tAvena que reduce el nivel de colesterol y az\u00facar en la sangre, evita que el intestino absorba sustancias que provocan enfermedades cardiacas, colesterol alto y diabetes.\t\t\t\t\t\t\t\t<\/div>\n\t\t\t\t<\/div>\n\t\t\t\t<\/div>\n\t\t\t\t<\/div>\n\t\t\t\t<\/div>\n\t\t<div class=\"elementor-element elementor-element-652fda9 e-con-full e-flex e-con e-child\" data-id=\"652fda9\" data-element_type=\"container\" data-e-type=\"container\">\n\t\t\t\t<div class=\"elementor-element elementor-element-054c714 elementor-widget elementor-widget-heading\" data-id=\"054c714\" data-element_type=\"widget\" data-e-type=\"widget\" data-widget_type=\"heading.default\">\n\t\t\t\t<div class=\"elementor-widget-container\">\n\t\t\t\t\t<h2 class=\"elementor-heading-title elementor-size-default\">En Bon Appetita cuidamos cada ingrediente <br> para ofrecer una nutrici\u00f3n m\u00e1s pura, con menos residuos minerales <br>y una digesti\u00f3n m\u00e1s limpia y natural.<\/h2>\t\t\t\t<\/div>\n\t\t\t\t<\/div>\n\t\t\t\t<\/div>\n\t\t<div class=\"elementor-element elementor-element-f71db20 e-con-full e-flex e-con e-child\" data-id=\"f71db20\" data-element_type=\"container\" data-e-type=\"container\">\n\t\t<div class=\"elementor-element elementor-element-ca57016 e-con-full e-transform e-flex e-con e-child\" data-id=\"ca57016\" data-element_type=\"container\" data-e-type=\"container\" data-settings=\"{&quot;background_background&quot;:&quot;classic&quot;,&quot;_transform_scale_effect_hover&quot;:{&quot;unit&quot;:&quot;px&quot;,&quot;size&quot;:1.1,&quot;sizes&quot;:[]},&quot;_transform_scale_effect_hover_tablet&quot;:{&quot;unit&quot;:&quot;px&quot;,&quot;size&quot;:&quot;&quot;,&quot;sizes&quot;:[]},&quot;_transform_scale_effect_hover_mobile&quot;:{&quot;unit&quot;:&quot;px&quot;,&quot;size&quot;:&quot;&quot;,&quot;sizes&quot;:[]}}\">\n\t\t<div class=\"elementor-element elementor-element-e424fdc e-con-full e-flex e-con e-child\" data-id=\"e424fdc\" data-element_type=\"container\" data-e-type=\"container\">\n\t\t\t\t<div class=\"elementor-element elementor-element-cce7e1c elementor-widget elementor-widget-image\" data-id=\"cce7e1c\" data-element_type=\"widget\" data-e-type=\"widget\" data-widget_type=\"image.default\">\n\t\t\t\t<div class=\"elementor-widget-container\">\n\t\t\t\t\t\t\t\t\t\t\t\t\t\t\t<img decoding=\"async\" width=\"268\" height=\"275\" src=\"https:\/\/bonappetita.com\/cr\/wp-content\/uploads\/sites\/6\/2026\/02\/Verduras.png\" class=\"attachment-full size-full wp-image-5151\" alt=\"\" \/>\t\t\t\t\t\t\t\t\t\t\t\t\t\t\t<\/div>\n\t\t\t\t<\/div>\n\t\t\t\t<div class=\"elementor-element elementor-element-9695bf7 elementor-widget elementor-widget-heading\" data-id=\"9695bf7\" data-element_type=\"widget\" data-e-type=\"widget\" data-widget_type=\"heading.default\">\n\t\t\t\t<div class=\"elementor-widget-container\">\n\t\t\t\t\t<h2 class=\"elementor-heading-title elementor-size-default\">Verduras y c\u00farcuma<\/h2>\t\t\t\t<\/div>\n\t\t\t\t<\/div>\n\t\t\t\t<\/div>\n\t\t<div class=\"elementor-element elementor-element-790d104 e-con-full e-flex e-con e-child\" data-id=\"790d104\" data-element_type=\"container\" data-e-type=\"container\">\n\t\t\t\t<div class=\"elementor-element elementor-element-f6da943 elementor-widget elementor-widget-text-editor\" data-id=\"f6da943\" data-element_type=\"widget\" data-e-type=\"widget\" data-widget_type=\"text-editor.default\">\n\t\t\t\t<div class=\"elementor-widget-container\">\n\t\t\t\t\t\t\t\t\t<p style=\"text-align: center;\"><strong>BR\u00d3COLI<\/strong>: alto contenido en fibra, fuente de vitaminas y minerales, antioxidante, y antiinflamatorio; <strong>ZANAHORIAS<\/strong>: fuente de vitamina A, B, B1, B6, C, D y K, que favorecen el sistema inmunol\u00f3gico. Tambi\u00e9n tiene carotenos, minerales, f\u00f3sforo, calcio, sodio, potasio y cloro, fibra, antioxidantes, y minerales; <strong>APIO HERVIDO<\/strong>: evita el desarrollo de la diabetes y el c\u00e1ncer, acci\u00f3n diur\u00e9tica, protecci\u00f3n de ri\u00f1ones, hepatoprotector, hipoglucemiante, antiinflamatorio, antibacteriano, control de peso y diabetes, y analg\u00e9sico; <strong>Y CURCUMA<\/strong>: favorece la salud mental, la hinchaz\u00f3n e inflamaci\u00f3n, es un anticancer\u00edgeno, previene enfermedades gastrointestinales y cardiovasculares, la artritis, y la artrosis.<\/p>\t\t\t\t\t\t\t\t<\/div>\n\t\t\t\t<\/div>\n\t\t\t\t<\/div>\n\t\t\t\t<\/div>\n\t\t<div class=\"elementor-element elementor-element-77928f6 e-con-full e-transform e-flex e-con e-child\" data-id=\"77928f6\" data-element_type=\"container\" data-e-type=\"container\" data-settings=\"{&quot;background_background&quot;:&quot;classic&quot;,&quot;_transform_scale_effect_hover&quot;:{&quot;unit&quot;:&quot;px&quot;,&quot;size&quot;:1.1,&quot;sizes&quot;:[]},&quot;_transform_scale_effect_hover_tablet&quot;:{&quot;unit&quot;:&quot;px&quot;,&quot;size&quot;:&quot;&quot;,&quot;sizes&quot;:[]},&quot;_transform_scale_effect_hover_mobile&quot;:{&quot;unit&quot;:&quot;px&quot;,&quot;size&quot;:&quot;&quot;,&quot;sizes&quot;:[]}}\">\n\t\t<div class=\"elementor-element elementor-element-6034669 e-con-full e-flex e-con e-child\" data-id=\"6034669\" data-element_type=\"container\" data-e-type=\"container\">\n\t\t\t\t<div class=\"elementor-element elementor-element-f28361c elementor-widget elementor-widget-image\" data-id=\"f28361c\" data-element_type=\"widget\" data-e-type=\"widget\" data-widget_type=\"image.default\">\n\t\t\t\t<div class=\"elementor-widget-container\">\n\t\t\t\t\t\t\t\t\t\t\t\t\t\t\t<img loading=\"lazy\" decoding=\"async\" width=\"248\" height=\"151\" src=\"https:\/\/bonappetita.com\/cr\/wp-content\/uploads\/sites\/6\/2026\/02\/Citricos.png\" class=\"attachment-full size-full wp-image-5153\" alt=\"\" \/>\t\t\t\t\t\t\t\t\t\t\t\t\t\t\t<\/div>\n\t\t\t\t<\/div>\n\t\t\t\t<div class=\"elementor-element elementor-element-3754134 elementor-widget elementor-widget-heading\" data-id=\"3754134\" data-element_type=\"widget\" data-e-type=\"widget\" data-widget_type=\"heading.default\">\n\t\t\t\t<div class=\"elementor-widget-container\">\n\t\t\t\t\t<h2 class=\"elementor-heading-title elementor-size-default\">Preservantes naturales<\/h2>\t\t\t\t<\/div>\n\t\t\t\t<\/div>\n\t\t\t\t<\/div>\n\t\t<div class=\"elementor-element elementor-element-7f2c957 e-con-full e-flex e-con e-child\" data-id=\"7f2c957\" data-element_type=\"container\" data-e-type=\"container\">\n\t\t\t\t<div class=\"elementor-element elementor-element-96906fb elementor-widget elementor-widget-text-editor\" data-id=\"96906fb\" data-element_type=\"widget\" data-e-type=\"widget\" data-widget_type=\"text-editor.default\">\n\t\t\t\t<div class=\"elementor-widget-container\">\n\t\t\t\t\t\t\t\t\tVITAMINA C, SELENITO DE SODIO, FOSFATO DIC\u00c1LCICO, OXIDO DE MAGNESIO, CITRATO DE ZINC, DL METIONINA, CISTINA, FENILALANINA,VALINA, ARGININA, HISTIDINA, VITAMINA B7, CARBONATO DE CALCIO, CLORURO DE POTASIO, SULFATO DE MANGANESO, OMEGA 3, SULFATO FERROSO, SULFATO DE COBRE, YODATO DE CALCIO, VITAMINA B1, VITAMINA B3, VITAMINA B12, VITAMINA B5, VITAMINA B2, VITAMINA B6.\t\t\t\t\t\t\t\t<\/div>\n\t\t\t\t<\/div>\n\t\t\t\t<\/div>\n\t\t\t\t<\/div>\n\t\t\t\t<\/div>\n\t\t<div class=\"elementor-element elementor-element-db813bf e-con-full e-flex e-con e-child\" data-id=\"db813bf\" data-element_type=\"container\" data-e-type=\"container\">\n\t\t\t\t<div class=\"elementor-element elementor-element-9167c36 elementor-widget elementor-widget-heading\" data-id=\"9167c36\" data-element_type=\"widget\" data-e-type=\"widget\" data-widget_type=\"heading.default\">\n\t\t\t\t<div class=\"elementor-widget-container\">\n\t\t\t\t\t<h2 class=\"elementor-heading-title elementor-size-default\">Alto porcentaje de prote\u00edna en materia seca.<\/h2>\t\t\t\t<\/div>\n\t\t\t\t<\/div>\n\t\t\t\t<\/div>\n\t\t\t\t\t<\/div>\n\t\t\t\t<\/div>\n\t\t\t\t<\/div>\n\t\t","protected":false},"excerpt":{"rendered":"<p>Prote\u00ednas de origen animal y vegetal Carne magra de res, pechuga de pollo sin piel, coraz\u00f3n de pollo hervido, carne [&hellip;]<\/p>\n","protected":false},"author":1,"featured_media":0,"parent":0,"menu_order":0,"comment_status":"closed","ping_status":"closed","template":"","meta":{"inline_featured_image":false,"site-sidebar-layout":"no-sidebar","site-content-layout":"","ast-site-content-layout":"full-width-container","site-content-style":"default","site-sidebar-style":"default","ast-global-header-display":"","ast-banner-title-visibility":"","ast-main-header-display":"","ast-hfb-above-header-display":"","ast-hfb-below-header-display":"","ast-hfb-mobile-header-display":"","site-post-title":"disabled","ast-breadcrumbs-content":"","ast-featured-img":"disabled","footer-sml-layout":"","theme-transparent-header-meta":"","adv-header-id-meta":"","stick-header-meta":"","header-above-stick-meta":"","header-main-stick-meta":"","header-below-stick-meta":"","astra-migrate-meta-layouts":"default","ast-page-background-enabled":"default","ast-page-background-meta":{"desktop":{"background-color":"var(--ast-global-color-4)","background-image":"","background-repeat":"repeat","background-position":"center center","background-size":"auto","background-attachment":"scroll","background-type":"","background-media":"","overlay-type":"","overlay-color":"","overlay-opacity":"","overlay-gradient":""},"tablet":{"background-color":"","background-image":"","background-repeat":"repeat","background-position":"center center","background-size":"auto","background-attachment":"scroll","background-type":"","background-media":"","overlay-type":"","overlay-color":"","overlay-opacity":"","overlay-gradient":""},"mobile":{"background-color":"","background-image":"","background-repeat":"repeat","background-position":"center center","background-size":"auto","background-attachment":"scroll","background-type":"","background-media":"","overlay-type":"","overlay-color":"","overlay-opacity":"","overlay-gradient":""}},"ast-content-background-meta":{"desktop":{"background-color":"var(--ast-global-color-5)","background-image":"","background-repeat":"repeat","background-position":"center center","background-size":"auto","background-attachment":"scroll","background-type":"","background-media":"","overlay-type":"","overlay-color":"","overlay-opacity":"","overlay-gradient":""},"tablet":{"background-color":"var(--ast-global-color-5)","background-image":"","background-repeat":"repeat","background-position":"center center","background-size":"auto","background-attachment":"scroll","background-type":"","background-media":"","overlay-type":"","overlay-color":"","overlay-opacity":"","overlay-gradient":""},"mobile":{"background-color":"var(--ast-global-color-5)","background-image":"","background-repeat":"repeat","background-position":"center center","background-size":"auto","background-attachment":"scroll","background-type":"","background-media":"","overlay-type":"","overlay-color":"","overlay-opacity":"","overlay-gradient":""}},"footnotes":""},"class_list":["post-4178","page","type-page","status-publish","hentry"],"_links":{"self":[{"href":"https:\/\/bonappetita.com\/cr\/wp-json\/wp\/v2\/pages\/4178","targetHints":{"allow":["GET"]}}],"collection":[{"href":"https:\/\/bonappetita.com\/cr\/wp-json\/wp\/v2\/pages"}],"about":[{"href":"https:\/\/bonappetita.com\/cr\/wp-json\/wp\/v2\/types\/page"}],"author":[{"embeddable":true,"href":"https:\/\/bonappetita.com\/cr\/wp-json\/wp\/v2\/users\/1"}],"replies":[{"embeddable":true,"href":"https:\/\/bonappetita.com\/cr\/wp-json\/wp\/v2\/comments?post=4178"}],"version-history":[{"count":82,"href":"https:\/\/bonappetita.com\/cr\/wp-json\/wp\/v2\/pages\/4178\/revisions"}],"predecessor-version":[{"id":5157,"href":"https:\/\/bonappetita.com\/cr\/wp-json\/wp\/v2\/pages\/4178\/revisions\/5157"}],"wp:attachment":[{"href":"https:\/\/bonappetita.com\/cr\/wp-json\/wp\/v2\/media?parent=4178"}],"curies":[{"name":"wp","href":"https:\/\/api.w.org\/{rel}","templated":true}]}}