{"id":4146,"date":"2024-10-09T17:31:42","date_gmt":"2024-10-09T17:31:42","guid":{"rendered":"https:\/\/bonappetita.com\/gt\/?page_id=4146"},"modified":"2026-03-03T13:51:16","modified_gmt":"2026-03-03T13:51:16","slug":"kitten-lamb","status":"publish","type":"page","link":"https:\/\/bonappetita.com\/gt\/kitten-lamb\/","title":{"rendered":"Kitten LAMB"},"content":{"rendered":"\t\t<div data-elementor-type=\"wp-page\" data-elementor-id=\"4146\" class=\"elementor elementor-4146\" data-elementor-post-type=\"page\">\n\t\t\t\t<div class=\"elementor-element elementor-element-064b31f e-flex e-con-boxed e-con e-parent\" data-id=\"064b31f\" data-element_type=\"container\" data-e-type=\"container\" data-settings=\"{&quot;background_background&quot;:&quot;classic&quot;}\">\n\t\t\t\t\t<div class=\"e-con-inner\">\n\t\t<div class=\"elementor-element elementor-element-92b8e05 e-flex e-con-boxed e-con e-child\" data-id=\"92b8e05\" data-element_type=\"container\" data-e-type=\"container\">\n\t\t\t\t\t<div class=\"e-con-inner\">\n\t\t\t\t<div class=\"elementor-element elementor-element-8198b31 elementor-widget elementor-widget-image\" data-id=\"8198b31\" data-element_type=\"widget\" data-e-type=\"widget\" data-widget_type=\"image.default\">\n\t\t\t\t<div class=\"elementor-widget-container\">\n\t\t\t\t\t\t\t\t\t\t\t\t\t\t\t<img fetchpriority=\"high\" decoding=\"async\" width=\"1718\" height=\"63\" src=\"https:\/\/bonappetita.com\/gt\/wp-content\/uploads\/sites\/7\/2024\/09\/Franja.webp\" class=\"attachment-full size-full wp-image-3721\" alt=\"\" srcset=\"https:\/\/bonappetita.com\/gt\/wp-content\/uploads\/sites\/7\/2024\/09\/Franja.webp 1718w, https:\/\/bonappetita.com\/gt\/wp-content\/uploads\/sites\/7\/2024\/09\/Franja-300x11.webp 300w, https:\/\/bonappetita.com\/gt\/wp-content\/uploads\/sites\/7\/2024\/09\/Franja-1024x38.webp 1024w, https:\/\/bonappetita.com\/gt\/wp-content\/uploads\/sites\/7\/2024\/09\/Franja-768x28.webp 768w, https:\/\/bonappetita.com\/gt\/wp-content\/uploads\/sites\/7\/2024\/09\/Franja-1536x56.webp 1536w, https:\/\/bonappetita.com\/gt\/wp-content\/uploads\/sites\/7\/2024\/09\/Franja-600x22.webp 600w\" sizes=\"(max-width: 1718px) 100vw, 1718px\" \/>\t\t\t\t\t\t\t\t\t\t\t\t\t\t\t<\/div>\n\t\t\t\t<\/div>\n\t\t\t\t\t<\/div>\n\t\t\t\t<\/div>\n\t\t<div class=\"elementor-element elementor-element-e5d03d8 e-flex e-con-boxed e-con e-child\" data-id=\"e5d03d8\" data-element_type=\"container\" data-e-type=\"container\">\n\t\t\t\t\t<div class=\"e-con-inner\">\n\t\t<div class=\"elementor-element elementor-element-7f77db1 e-con-full e-flex e-con e-child\" data-id=\"7f77db1\" data-element_type=\"container\" data-e-type=\"container\" data-settings=\"{&quot;animation&quot;:&quot;none&quot;}\">\n\t\t\t\t<div class=\"elementor-element elementor-element-5292cb1 elementor-invisible elementor-widget elementor-widget-image\" data-id=\"5292cb1\" data-element_type=\"widget\" data-e-type=\"widget\" data-settings=\"{&quot;_animation&quot;:&quot;rollIn&quot;}\" data-widget_type=\"image.default\">\n\t\t\t\t<div class=\"elementor-widget-container\">\n\t\t\t\t\t\t\t\t\t\t\t\t\t\t\t<img decoding=\"async\" width=\"2251\" height=\"2251\" src=\"https:\/\/bonappetita.com\/gt\/wp-content\/uploads\/sites\/7\/2024\/10\/ICONOS-13.png\" class=\"attachment-full size-full wp-image-4033\" alt=\"\" srcset=\"https:\/\/bonappetita.com\/gt\/wp-content\/uploads\/sites\/7\/2024\/10\/ICONOS-13.png 2251w, https:\/\/bonappetita.com\/gt\/wp-content\/uploads\/sites\/7\/2024\/10\/ICONOS-13-300x300.png 300w, https:\/\/bonappetita.com\/gt\/wp-content\/uploads\/sites\/7\/2024\/10\/ICONOS-13-1024x1024.png 1024w, https:\/\/bonappetita.com\/gt\/wp-content\/uploads\/sites\/7\/2024\/10\/ICONOS-13-150x150.png 150w, https:\/\/bonappetita.com\/gt\/wp-content\/uploads\/sites\/7\/2024\/10\/ICONOS-13-768x768.png 768w, https:\/\/bonappetita.com\/gt\/wp-content\/uploads\/sites\/7\/2024\/10\/ICONOS-13-1536x1536.png 1536w, https:\/\/bonappetita.com\/gt\/wp-content\/uploads\/sites\/7\/2024\/10\/ICONOS-13-2048x2048.png 2048w, https:\/\/bonappetita.com\/gt\/wp-content\/uploads\/sites\/7\/2024\/10\/ICONOS-13-600x600.png 600w, https:\/\/bonappetita.com\/gt\/wp-content\/uploads\/sites\/7\/2024\/10\/ICONOS-13-100x100.png 100w\" sizes=\"(max-width: 2251px) 100vw, 2251px\" \/>\t\t\t\t\t\t\t\t\t\t\t\t\t\t\t<\/div>\n\t\t\t\t<\/div>\n\t\t\t\t<div class=\"elementor-element elementor-element-4f0112d elementor-invisible elementor-widget elementor-widget-image\" data-id=\"4f0112d\" data-element_type=\"widget\" data-e-type=\"widget\" data-settings=\"{&quot;_animation&quot;:&quot;rollIn&quot;}\" data-widget_type=\"image.default\">\n\t\t\t\t<div class=\"elementor-widget-container\">\n\t\t\t\t\t\t\t\t\t\t\t\t\t\t\t<img decoding=\"async\" width=\"2251\" height=\"2251\" src=\"https:\/\/bonappetita.com\/gt\/wp-content\/uploads\/sites\/7\/2024\/10\/ICONOS-12.png\" class=\"attachment-full size-full wp-image-4032\" alt=\"\" srcset=\"https:\/\/bonappetita.com\/gt\/wp-content\/uploads\/sites\/7\/2024\/10\/ICONOS-12.png 2251w, https:\/\/bonappetita.com\/gt\/wp-content\/uploads\/sites\/7\/2024\/10\/ICONOS-12-300x300.png 300w, https:\/\/bonappetita.com\/gt\/wp-content\/uploads\/sites\/7\/2024\/10\/ICONOS-12-1024x1024.png 1024w, https:\/\/bonappetita.com\/gt\/wp-content\/uploads\/sites\/7\/2024\/10\/ICONOS-12-150x150.png 150w, https:\/\/bonappetita.com\/gt\/wp-content\/uploads\/sites\/7\/2024\/10\/ICONOS-12-768x768.png 768w, https:\/\/bonappetita.com\/gt\/wp-content\/uploads\/sites\/7\/2024\/10\/ICONOS-12-1536x1536.png 1536w, https:\/\/bonappetita.com\/gt\/wp-content\/uploads\/sites\/7\/2024\/10\/ICONOS-12-2048x2048.png 2048w, https:\/\/bonappetita.com\/gt\/wp-content\/uploads\/sites\/7\/2024\/10\/ICONOS-12-600x600.png 600w, https:\/\/bonappetita.com\/gt\/wp-content\/uploads\/sites\/7\/2024\/10\/ICONOS-12-100x100.png 100w\" sizes=\"(max-width: 2251px) 100vw, 2251px\" \/>\t\t\t\t\t\t\t\t\t\t\t\t\t\t\t<\/div>\n\t\t\t\t<\/div>\n\t\t\t\t<div class=\"elementor-element elementor-element-6d99bf4 elementor-invisible elementor-widget elementor-widget-image\" data-id=\"6d99bf4\" data-element_type=\"widget\" data-e-type=\"widget\" data-settings=\"{&quot;_animation&quot;:&quot;rollIn&quot;}\" data-widget_type=\"image.default\">\n\t\t\t\t<div class=\"elementor-widget-container\">\n\t\t\t\t\t\t\t\t\t\t\t\t\t\t\t<img loading=\"lazy\" decoding=\"async\" width=\"1024\" height=\"1024\" src=\"https:\/\/bonappetita.com\/gt\/wp-content\/uploads\/sites\/7\/2024\/10\/ICONOS-11-1024x1024.png\" class=\"attachment-large size-large wp-image-4031\" alt=\"\" srcset=\"https:\/\/bonappetita.com\/gt\/wp-content\/uploads\/sites\/7\/2024\/10\/ICONOS-11-1024x1024.png 1024w, https:\/\/bonappetita.com\/gt\/wp-content\/uploads\/sites\/7\/2024\/10\/ICONOS-11-300x300.png 300w, https:\/\/bonappetita.com\/gt\/wp-content\/uploads\/sites\/7\/2024\/10\/ICONOS-11-150x150.png 150w, https:\/\/bonappetita.com\/gt\/wp-content\/uploads\/sites\/7\/2024\/10\/ICONOS-11-768x768.png 768w, https:\/\/bonappetita.com\/gt\/wp-content\/uploads\/sites\/7\/2024\/10\/ICONOS-11-1536x1536.png 1536w, https:\/\/bonappetita.com\/gt\/wp-content\/uploads\/sites\/7\/2024\/10\/ICONOS-11-2048x2048.png 2048w, https:\/\/bonappetita.com\/gt\/wp-content\/uploads\/sites\/7\/2024\/10\/ICONOS-11-600x600.png 600w, https:\/\/bonappetita.com\/gt\/wp-content\/uploads\/sites\/7\/2024\/10\/ICONOS-11-100x100.png 100w\" sizes=\"(max-width: 1024px) 100vw, 1024px\" \/>\t\t\t\t\t\t\t\t\t\t\t\t\t\t\t<\/div>\n\t\t\t\t<\/div>\n\t\t\t\t<\/div>\n\t\t<div class=\"elementor-element elementor-element-1fd0db0 e-con-full e-flex e-con e-child\" data-id=\"1fd0db0\" data-element_type=\"container\" data-e-type=\"container\">\n\t\t\t\t<div class=\"elementor-element elementor-element-b849970 elementor-widget elementor-widget-image\" data-id=\"b849970\" data-element_type=\"widget\" data-e-type=\"widget\" data-widget_type=\"image.default\">\n\t\t\t\t<div class=\"elementor-widget-container\">\n\t\t\t\t\t\t\t\t\t\t\t\t\t\t\t<img loading=\"lazy\" decoding=\"async\" width=\"1803\" height=\"1916\" src=\"https:\/\/bonappetita.com\/gt\/wp-content\/uploads\/sites\/7\/2024\/10\/ICONOS-04-copia.webp\" class=\"attachment-full size-full wp-image-4056\" alt=\"\" srcset=\"https:\/\/bonappetita.com\/gt\/wp-content\/uploads\/sites\/7\/2024\/10\/ICONOS-04-copia.webp 1803w, https:\/\/bonappetita.com\/gt\/wp-content\/uploads\/sites\/7\/2024\/10\/ICONOS-04-copia-282x300.webp 282w, https:\/\/bonappetita.com\/gt\/wp-content\/uploads\/sites\/7\/2024\/10\/ICONOS-04-copia-964x1024.webp 964w, https:\/\/bonappetita.com\/gt\/wp-content\/uploads\/sites\/7\/2024\/10\/ICONOS-04-copia-768x816.webp 768w, https:\/\/bonappetita.com\/gt\/wp-content\/uploads\/sites\/7\/2024\/10\/ICONOS-04-copia-1445x1536.webp 1445w, https:\/\/bonappetita.com\/gt\/wp-content\/uploads\/sites\/7\/2024\/10\/ICONOS-04-copia-300x319.webp 300w, https:\/\/bonappetita.com\/gt\/wp-content\/uploads\/sites\/7\/2024\/10\/ICONOS-04-copia-600x638.webp 600w\" sizes=\"(max-width: 1803px) 100vw, 1803px\" \/>\t\t\t\t\t\t\t\t\t\t\t\t\t\t\t<\/div>\n\t\t\t\t<\/div>\n\t\t\t\t<div class=\"elementor-element elementor-element-cde8b65 elementor-absolute elementor-widget elementor-widget-image\" data-id=\"cde8b65\" data-element_type=\"widget\" data-e-type=\"widget\" data-settings=\"{&quot;_position&quot;:&quot;absolute&quot;}\" data-widget_type=\"image.default\">\n\t\t\t\t<div class=\"elementor-widget-container\">\n\t\t\t\t\t\t\t\t\t\t\t\t\t\t\t<img loading=\"lazy\" decoding=\"async\" width=\"1749\" height=\"2560\" src=\"https:\/\/bonappetita.com\/gt\/wp-content\/uploads\/sites\/7\/2024\/10\/Lamb-scaled.webp\" class=\"attachment-full size-full wp-image-4076\" alt=\"\" srcset=\"https:\/\/bonappetita.com\/gt\/wp-content\/uploads\/sites\/7\/2024\/10\/Lamb-scaled.webp 1749w, https:\/\/bonappetita.com\/gt\/wp-content\/uploads\/sites\/7\/2024\/10\/Lamb-205x300.webp 205w, https:\/\/bonappetita.com\/gt\/wp-content\/uploads\/sites\/7\/2024\/10\/Lamb-700x1024.webp 700w, https:\/\/bonappetita.com\/gt\/wp-content\/uploads\/sites\/7\/2024\/10\/Lamb-768x1124.webp 768w, https:\/\/bonappetita.com\/gt\/wp-content\/uploads\/sites\/7\/2024\/10\/Lamb-1050x1536.webp 1050w, https:\/\/bonappetita.com\/gt\/wp-content\/uploads\/sites\/7\/2024\/10\/Lamb-1399x2048.webp 1399w, https:\/\/bonappetita.com\/gt\/wp-content\/uploads\/sites\/7\/2024\/10\/Lamb-300x439.webp 300w, https:\/\/bonappetita.com\/gt\/wp-content\/uploads\/sites\/7\/2024\/10\/Lamb-600x878.webp 600w\" sizes=\"(max-width: 1749px) 100vw, 1749px\" \/>\t\t\t\t\t\t\t\t\t\t\t\t\t\t\t<\/div>\n\t\t\t\t<\/div>\n\t\t<div class=\"elementor-element elementor-element-3eb6378 e-con-full e-flex e-con e-child\" data-id=\"3eb6378\" data-element_type=\"container\" data-e-type=\"container\">\n\t\t\t\t<div class=\"elementor-element elementor-element-a7ac9f2 elementor-invisible elementor-widget elementor-widget-button\" data-id=\"a7ac9f2\" data-element_type=\"widget\" data-e-type=\"widget\" data-settings=\"{&quot;_animation&quot;:&quot;bounceIn&quot;}\" data-widget_type=\"button.default\">\n\t\t\t\t<div class=\"elementor-widget-container\">\n\t\t\t\t\t\t\t\t\t<div class=\"elementor-button-wrapper\">\n\t\t\t\t\t<a class=\"elementor-button elementor-button-link elementor-size-sm\" href=\"https:\/\/bonappetita.com\/gt\/calculo-de-racion-por-dia\/\">\n\t\t\t\t\t\t<span class=\"elementor-button-content-wrapper\">\n\t\t\t\t\t\t\t\t\t<span class=\"elementor-button-text\">Calcula su raci\u00f3n<\/span>\n\t\t\t\t\t<\/span>\n\t\t\t\t\t<\/a>\n\t\t\t\t<\/div>\n\t\t\t\t\t\t\t\t<\/div>\n\t\t\t\t<\/div>\n\t\t\t\t<\/div>\n\t\t\t\t<\/div>\n\t\t<div class=\"elementor-element elementor-element-a9103c8 e-con-full e-flex e-con e-child\" data-id=\"a9103c8\" data-element_type=\"container\" data-e-type=\"container\">\n\t\t\t\t<div class=\"elementor-element elementor-element-d76ed0b elementor-absolute elementor-widget elementor-widget-heading\" data-id=\"d76ed0b\" data-element_type=\"widget\" data-e-type=\"widget\" data-settings=\"{&quot;_position&quot;:&quot;absolute&quot;}\" data-widget_type=\"heading.default\">\n\t\t\t\t<div class=\"elementor-widget-container\">\n\t\t\t\t\t<h2 class=\"elementor-heading-title elementor-size-default\">Natural\n<span style=\"font-family: 'MadeSaonara';font-weight: 700\"> Cooking<\/span> <\/h2>\t\t\t\t<\/div>\n\t\t\t\t<\/div>\n\t\t\t\t<div class=\"elementor-element elementor-element-d7f6c96 elementor-absolute elementor-invisible elementor-widget elementor-widget-image\" data-id=\"d7f6c96\" data-element_type=\"widget\" data-e-type=\"widget\" data-settings=\"{&quot;_position&quot;:&quot;absolute&quot;,&quot;_animation&quot;:&quot;bounceIn&quot;}\" data-widget_type=\"image.default\">\n\t\t\t\t<div class=\"elementor-widget-container\">\n\t\t\t\t\t\t\t\t\t\t\t\t\t\t\t<img loading=\"lazy\" decoding=\"async\" width=\"2251\" height=\"2251\" src=\"https:\/\/bonappetita.com\/gt\/wp-content\/uploads\/sites\/7\/2024\/10\/ICONOS-15.png\" class=\"attachment-full size-full wp-image-4134\" alt=\"\" srcset=\"https:\/\/bonappetita.com\/gt\/wp-content\/uploads\/sites\/7\/2024\/10\/ICONOS-15.png 2251w, https:\/\/bonappetita.com\/gt\/wp-content\/uploads\/sites\/7\/2024\/10\/ICONOS-15-300x300.png 300w, https:\/\/bonappetita.com\/gt\/wp-content\/uploads\/sites\/7\/2024\/10\/ICONOS-15-1024x1024.png 1024w, https:\/\/bonappetita.com\/gt\/wp-content\/uploads\/sites\/7\/2024\/10\/ICONOS-15-150x150.png 150w, https:\/\/bonappetita.com\/gt\/wp-content\/uploads\/sites\/7\/2024\/10\/ICONOS-15-768x768.png 768w, https:\/\/bonappetita.com\/gt\/wp-content\/uploads\/sites\/7\/2024\/10\/ICONOS-15-1536x1536.png 1536w, https:\/\/bonappetita.com\/gt\/wp-content\/uploads\/sites\/7\/2024\/10\/ICONOS-15-2048x2048.png 2048w, https:\/\/bonappetita.com\/gt\/wp-content\/uploads\/sites\/7\/2024\/10\/ICONOS-15-600x600.png 600w, https:\/\/bonappetita.com\/gt\/wp-content\/uploads\/sites\/7\/2024\/10\/ICONOS-15-100x100.png 100w\" sizes=\"(max-width: 2251px) 100vw, 2251px\" \/>\t\t\t\t\t\t\t\t\t\t\t\t\t\t\t<\/div>\n\t\t\t\t<\/div>\n\t\t\t\t<\/div>\n\t\t\t\t\t<\/div>\n\t\t\t\t<\/div>\n\t\t\t\t\t<\/div>\n\t\t\t\t<\/div>\n\t\t<div class=\"elementor-element elementor-element-7f2fc92 e-flex e-con-boxed e-con e-parent\" data-id=\"7f2fc92\" data-element_type=\"container\" data-e-type=\"container\" data-settings=\"{&quot;background_background&quot;:&quot;classic&quot;}\">\n\t\t\t\t\t<div class=\"e-con-inner\">\n\t\t<div class=\"elementor-element elementor-element-b7af7ef e-con-full e-flex e-con e-child\" data-id=\"b7af7ef\" data-element_type=\"container\" data-e-type=\"container\">\n\t\t\t\t<div class=\"elementor-element elementor-element-c27073e elementor-tabs-alignment-stretch elementor-tabs-view-horizontal elementor-widget elementor-widget-tabs\" data-id=\"c27073e\" data-element_type=\"widget\" data-e-type=\"widget\" id=\"pestanas-activas\" data-widget_type=\"tabs.default\">\n\t\t\t\t<div class=\"elementor-widget-container\">\n\t\t\t\t\t\t\t<div class=\"elementor-tabs\">\n\t\t\t<div class=\"elementor-tabs-wrapper\" role=\"tablist\" >\n\t\t\t\t\t\t\t\t\t<div id=\"elementor-tab-title-2031\" class=\"elementor-tab-title elementor-tab-desktop-title\" aria-selected=\"true\" data-tab=\"1\" role=\"tab\" tabindex=\"0\" aria-controls=\"elementor-tab-content-2031\" aria-expanded=\"false\">An\u00e1lisis garantizado<\/div>\n\t\t\t\t\t\t\t\t\t<div id=\"elementor-tab-title-2032\" class=\"elementor-tab-title elementor-tab-desktop-title\" aria-selected=\"false\" data-tab=\"2\" role=\"tab\" tabindex=\"-1\" aria-controls=\"elementor-tab-content-2032\" aria-expanded=\"false\">INGREDIENTES<\/div>\n\t\t\t\t\t\t\t\t\t<div id=\"elementor-tab-title-2033\" class=\"elementor-tab-title elementor-tab-desktop-title\" aria-selected=\"false\" data-tab=\"3\" role=\"tab\" tabindex=\"-1\" aria-controls=\"elementor-tab-content-2033\" aria-expanded=\"false\">Instrucciones de uso<\/div>\n\t\t\t\t\t\t\t\t\t<div id=\"elementor-tab-title-2034\" class=\"elementor-tab-title elementor-tab-desktop-title\" aria-selected=\"false\" data-tab=\"4\" role=\"tab\" tabindex=\"-1\" aria-controls=\"elementor-tab-content-2034\" aria-expanded=\"false\">RACI\u00d3N POR D\u00cdA<\/div>\n\t\t\t\t\t\t\t<\/div>\n\t\t\t<div class=\"elementor-tabs-content-wrapper\" role=\"tablist\" aria-orientation=\"vertical\">\n\t\t\t\t\t\t\t\t\t<div class=\"elementor-tab-title elementor-tab-mobile-title\" aria-selected=\"true\" data-tab=\"1\" role=\"tab\" tabindex=\"0\" aria-controls=\"elementor-tab-content-2031\" aria-expanded=\"false\">An\u00e1lisis garantizado<\/div>\n\t\t\t\t\t<div id=\"elementor-tab-content-2031\" class=\"elementor-tab-content elementor-clearfix\" data-tab=\"1\" role=\"tabpanel\" aria-labelledby=\"elementor-tab-title-2031\" tabindex=\"0\" hidden=\"false\"><div class=\"custom-row\"><div class=\"custom-column1\"><p><img loading=\"lazy\" decoding=\"async\" class=\"alignnone wp-image-4076 size-large\" src=\"https:\/\/bonappetita.com\/co\/wp-content\/uploads\/2024\/10\/Lamb-700x1024.webp\" alt=\"\" width=\"700\" height=\"1024\" srcset=\"https:\/\/bonappetita.com\/gt\/wp-content\/uploads\/sites\/7\/2024\/10\/Lamb-700x1024.webp 700w, https:\/\/bonappetita.com\/gt\/wp-content\/uploads\/sites\/7\/2024\/10\/Lamb-205x300.webp 205w, https:\/\/bonappetita.com\/gt\/wp-content\/uploads\/sites\/7\/2024\/10\/Lamb-768x1124.webp 768w, https:\/\/bonappetita.com\/gt\/wp-content\/uploads\/sites\/7\/2024\/10\/Lamb-1050x1536.webp 1050w, https:\/\/bonappetita.com\/gt\/wp-content\/uploads\/sites\/7\/2024\/10\/Lamb-1399x2048.webp 1399w, https:\/\/bonappetita.com\/gt\/wp-content\/uploads\/sites\/7\/2024\/10\/Lamb-300x439.webp 300w, https:\/\/bonappetita.com\/gt\/wp-content\/uploads\/sites\/7\/2024\/10\/Lamb-600x878.webp 600w, https:\/\/bonappetita.com\/gt\/wp-content\/uploads\/sites\/7\/2024\/10\/Lamb-scaled.webp 1749w\" sizes=\"(max-width: 700px) 100vw, 700px\" \/><\/p><\/div><div class=\"custom-column2\"><table><thead><tr><th>NUTRIENTE<\/th><th>% GARANTIZADO<\/th><th>L\u00cdMITE<\/th><\/tr><\/thead><tbody><tr><td><span style=\"font-weight: 400;\">PROTE\u00cdNA CRUDA<\/span><\/td><td style=\"text-align: center;\"><span style=\"font-weight: 400;\">11<\/span><\/td><td><span style=\"font-weight: 400;\">M\u00ednimo<\/span><\/td><\/tr><tr><td><span style=\"font-weight: 400;\">GRASA CRUDA<\/span><\/td><td style=\"text-align: center;\"><span style=\"font-weight: 400;\">2.5<\/span><\/td><td><span style=\"font-weight: 400;\">M\u00ednimo<\/span><\/td><\/tr><tr><td><span style=\"font-weight: 400;\">FIBRA CRUDA<\/span><\/td><td style=\"text-align: center;\"><span style=\"font-weight: 400;\">1.48<\/span><\/td><td><span style=\"font-weight: 400;\">M\u00e1ximo<\/span><\/td><\/tr><tr><td><span style=\"font-weight: 400;\">HUMEDAD<\/span><\/td><td style=\"text-align: center;\"><span style=\"font-weight: 400;\">75<\/span><\/td><td><span style=\"font-weight: 400;\">M\u00e1ximo<\/span><\/td><\/tr><tr><td><span style=\"font-weight: 400;\">CENIZAS<\/span><\/td><td style=\"text-align: center;\"><span style=\"font-weight: 400;\">0.75<\/span><\/td><td><span style=\"font-weight: 400;\">M\u00e1ximo<\/span><\/td><\/tr><\/tbody><\/table><\/div><\/div><\/div>\n\t\t\t\t\t\t\t\t\t<div class=\"elementor-tab-title elementor-tab-mobile-title\" aria-selected=\"false\" data-tab=\"2\" role=\"tab\" tabindex=\"-1\" aria-controls=\"elementor-tab-content-2032\" aria-expanded=\"false\">INGREDIENTES<\/div>\n\t\t\t\t\t<div id=\"elementor-tab-content-2032\" class=\"elementor-tab-content elementor-clearfix\" data-tab=\"2\" role=\"tabpanel\" aria-labelledby=\"elementor-tab-title-2032\" tabindex=\"0\" hidden=\"hidden\"><p>Caldo de cerdo, carne de cerdo magra sin hueso cocinada, coraz\u00f3n de pollo hervido, huevo de gallina entero, mollejas de pollo hervidas, h\u00edgado de pollo hervido, br\u00f3coli hervido, apio hervido, zanahoria hervida, avena, vitamina c, selenito de sodio, fosfato dic\u00e1lcico, \u00f3xido de magnesio, citrato de zinc, dl metionina, cistina, fenilalanina, valina, arginina, histidina, carbonato de calcio, cloruro de potasio, sulfato de manganeso, omega 3, sulfato ferroso, sulfato de cobre, yodato de calcio, vitamina b7, c\u00farcuma, vitamina b1, vitamina b3, vitamina b12, vitamina b5, vitamina b2, vitamina b6.<\/p><\/div>\n\t\t\t\t\t\t\t\t\t<div class=\"elementor-tab-title elementor-tab-mobile-title\" aria-selected=\"false\" data-tab=\"3\" role=\"tab\" tabindex=\"-1\" aria-controls=\"elementor-tab-content-2033\" aria-expanded=\"false\">Instrucciones de uso<\/div>\n\t\t\t\t\t<div id=\"elementor-tab-content-2033\" class=\"elementor-tab-content elementor-clearfix\" data-tab=\"3\" role=\"tabpanel\" aria-labelledby=\"elementor-tab-title-2033\" tabindex=\"0\" hidden=\"hidden\">\nConservar en un lugar fresco, seco y protegido de la luz solar. Una vez abierto, conservar en el frigor\u00edfico y utilizar en dos d\u00edas. Mantener siempre agua limpia y fresca a su disposici\u00f3n. Seguir la tabla de raciones diarias recomendadas. Estas cantidades son orientativas, por lo que deben ajustarse posteriormente a las necesidades energ\u00e9ticas del perro.<\/div>\n\t\t\t\t\t\t\t\t\t<div class=\"elementor-tab-title elementor-tab-mobile-title\" aria-selected=\"false\" data-tab=\"4\" role=\"tab\" tabindex=\"-1\" aria-controls=\"elementor-tab-content-2034\" aria-expanded=\"false\">RACI\u00d3N POR D\u00cdA<\/div>\n\t\t\t\t\t<div id=\"elementor-tab-content-2034\" class=\"elementor-tab-content elementor-clearfix\" data-tab=\"4\" role=\"tabpanel\" aria-labelledby=\"elementor-tab-title-2034\" tabindex=\"0\" hidden=\"hidden\">Suministrar 30g de <strong>BON APPETITA ADULT DOG PORK<\/strong> por cada kilogramo de peso de tu perro, dividido en 2 raciones al d\u00eda.<\/div>\n\t\t\t\t\t\t\t<\/div>\n\t\t<\/div>\n\t\t\t\t\t\t<\/div>\n\t\t\t\t<\/div>\n\t\t\t\t<\/div>\n\t\t\t\t\t<\/div>\n\t\t\t\t<\/div>\n\t\t\t\t<\/div>\n\t\t","protected":false},"excerpt":{"rendered":"<p>Calcula su raci\u00f3n Natural Cooking An\u00e1lisis garantizado INGREDIENTES Instrucciones de uso RACI\u00d3N POR D\u00cdA An\u00e1lisis garantizado NUTRIENTE % GARANTIZADO L\u00cdMITE [&hellip;]<\/p>\n","protected":false},"author":1,"featured_media":0,"parent":0,"menu_order":0,"comment_status":"closed","ping_status":"closed","template":"","meta":{"inline_featured_image":false,"site-sidebar-layout":"no-sidebar","site-content-layout":"","ast-site-content-layout":"full-width-container","site-content-style":"default","site-sidebar-style":"default","ast-global-header-display":"","ast-banner-title-visibility":"","ast-main-header-display":"","ast-hfb-above-header-display":"","ast-hfb-below-header-display":"","ast-hfb-mobile-header-display":"","site-post-title":"disabled","ast-breadcrumbs-content":"","ast-featured-img":"disabled","footer-sml-layout":"","theme-transparent-header-meta":"","adv-header-id-meta":"","stick-header-meta":"","header-above-stick-meta":"","header-main-stick-meta":"","header-below-stick-meta":"","astra-migrate-meta-layouts":"default","ast-page-background-enabled":"default","ast-page-background-meta":{"desktop":{"background-color":"var(--ast-global-color-4)","background-image":"","background-repeat":"repeat","background-position":"center center","background-size":"auto","background-attachment":"scroll","background-type":"","background-media":"","overlay-type":"","overlay-color":"","overlay-opacity":"","overlay-gradient":""},"tablet":{"background-color":"","background-image":"","background-repeat":"repeat","background-position":"center center","background-size":"auto","background-attachment":"scroll","background-type":"","background-media":"","overlay-type":"","overlay-color":"","overlay-opacity":"","overlay-gradient":""},"mobile":{"background-color":"","background-image":"","background-repeat":"repeat","background-position":"center center","background-size":"auto","background-attachment":"scroll","background-type":"","background-media":"","overlay-type":"","overlay-color":"","overlay-opacity":"","overlay-gradient":""}},"ast-content-background-meta":{"desktop":{"background-color":"var(--ast-global-color-5)","background-image":"","background-repeat":"repeat","background-position":"center center","background-size":"auto","background-attachment":"scroll","background-type":"","background-media":"","overlay-type":"","overlay-color":"","overlay-opacity":"","overlay-gradient":""},"tablet":{"background-color":"var(--ast-global-color-5)","background-image":"","background-repeat":"repeat","background-position":"center center","background-size":"auto","background-attachment":"scroll","background-type":"","background-media":"","overlay-type":"","overlay-color":"","overlay-opacity":"","overlay-gradient":""},"mobile":{"background-color":"var(--ast-global-color-5)","background-image":"","background-repeat":"repeat","background-position":"center center","background-size":"auto","background-attachment":"scroll","background-type":"","background-media":"","overlay-type":"","overlay-color":"","overlay-opacity":"","overlay-gradient":""}},"footnotes":""},"class_list":["post-4146","page","type-page","status-publish","hentry"],"_links":{"self":[{"href":"https:\/\/bonappetita.com\/gt\/wp-json\/wp\/v2\/pages\/4146","targetHints":{"allow":["GET"]}}],"collection":[{"href":"https:\/\/bonappetita.com\/gt\/wp-json\/wp\/v2\/pages"}],"about":[{"href":"https:\/\/bonappetita.com\/gt\/wp-json\/wp\/v2\/types\/page"}],"author":[{"embeddable":true,"href":"https:\/\/bonappetita.com\/gt\/wp-json\/wp\/v2\/users\/1"}],"replies":[{"embeddable":true,"href":"https:\/\/bonappetita.com\/gt\/wp-json\/wp\/v2\/comments?post=4146"}],"version-history":[{"count":19,"href":"https:\/\/bonappetita.com\/gt\/wp-json\/wp\/v2\/pages\/4146\/revisions"}],"predecessor-version":[{"id":5837,"href":"https:\/\/bonappetita.com\/gt\/wp-json\/wp\/v2\/pages\/4146\/revisions\/5837"}],"wp:attachment":[{"href":"https:\/\/bonappetita.com\/gt\/wp-json\/wp\/v2\/media?parent=4146"}],"curies":[{"name":"wp","href":"https:\/\/api.w.org\/{rel}","templated":true}]}}